{"id":3,"date":"2025-06-16T11:33:55","date_gmt":"2025-06-16T03:33:55","guid":{"rendered":"https:\/\/www.sinodec.com\/?page_id=3"},"modified":"2025-08-02T19:45:17","modified_gmt":"2025-08-02T11:45:17","slug":"privacy-policy","status":"publish","type":"page","link":"https:\/\/www.sinodec.com\/es\/privacy-policy\/","title":{"rendered":"pol\u00edtica de privacidad"},"content":{"rendered":"<div data-elementor-type=\"wp-page\" data-elementor-id=\"3\" class=\"elementor elementor-3\" data-elementor-post-type=\"page\">\n\t\t\t\t<div class=\"elementor-element elementor-element-b5ef88f e-flex e-con-boxed e-con e-parent\" data-id=\"b5ef88f\" data-element_type=\"container\" data-settings=\"{&quot;background_background&quot;:&quot;classic&quot;}\">\n\t\t\t\t\t<div class=\"e-con-inner\">\n\t\t\t\t<div class=\"elementor-element elementor-element-a33ebf2 elementor-widget elementor-widget-shortcode\" data-id=\"a33ebf2\" data-element_type=\"widget\" data-widget_type=\"shortcode.default\">\n\t\t\t\t<div class=\"elementor-widget-container\">\n\t\t\t\t\t\t\t<div class=\"elementor-shortcode\">\t\t\t<!-- Flexy Breadcrumb -->\r\n\t\t\t<div class=\"fbc fbc-page\">\r\n\r\n\t\t\t\t<!-- Breadcrumb wrapper -->\r\n\t\t\t\t<div class=\"fbc-wrap\">\r\n\r\n\t\t\t\t\t<!-- Ordered list-->\r\n\t\t\t\t\t<ol class=\"fbc-items\" itemscope itemtype=\"https:\/\/schema.org\/BreadcrumbList\">\r\n\t\t\t\t\t\t            <li itemprop=\"itemListElement\" itemscope itemtype=\"https:\/\/schema.org\/ListItem\">\r\n                <span itemprop=\"name\">\r\n                    <!-- Home Link -->\r\n                    <a itemprop=\"item\" href=\"https:\/\/www.sinodec.com\/es\/\">\r\n                    \r\n                                                    <i class=\"fa fa-home\" aria-hidden=\"true\"><\/i>Hogar                    <\/a>\r\n                <\/span>\r\n                <meta itemprop=\"position\" content=\"1\" \/><!-- Meta Position-->\r\n             <\/li><li><span class=\"fbc-separator\">\u00bb<\/span><\/li><li class=\"active\" itemprop=\"itemListElement\" itemscope itemtype=\"https:\/\/schema.org\/ListItem\"><span itemprop=\"name\" title=\"pol\u00edtica de privacidad\">pol\u00edtica de privacidad<\/span><meta itemprop=\"position\" content=\"2\" \/><\/li>\t\t\t\t\t<\/ol>\r\n\t\t\t\t\t<div class=\"clearfix\"><\/div>\r\n\t\t\t\t<\/div>\r\n\t\t\t<\/div>\r\n\t\t\t<\/div>\n\t\t\t\t\t\t<\/div>\n\t\t\t\t<\/div>\n\t\t\t\t\t<\/div>\n\t\t\t\t<\/div>\n\t\t<div class=\"elementor-element elementor-element-05a8f81 e-flex e-con-boxed e-con e-parent\" data-id=\"05a8f81\" data-element_type=\"container\">\n\t\t\t\t\t<div class=\"e-con-inner\">\n\t\t\t\t<div class=\"elementor-element elementor-element-15e3e76 elementor-widget elementor-widget-text-editor\" data-id=\"15e3e76\" data-element_type=\"widget\" data-widget_type=\"text-editor.default\">\n\t\t\t\t<div class=\"elementor-widget-container\">\n\t\t\t\t\t\t\t\t\t<p>Esta Pol\u00edtica de privacidad describe c\u00f3mo se recopila, utiliza y comparte su informaci\u00f3n personal cuando nos visita o realiza una compra.<\/p>\n<p><strong><b>INFORMACI\u00d3N PERSONAL QUE RECOPILAMOS<\/b><\/strong><br \/>Cuando visita el Sitio, recopilamos autom\u00e1ticamente cierta informaci\u00f3n sobre su dispositivo, incluyendo informaci\u00f3n sobre su navegador web, direcci\u00f3n IP, zona horaria y algunas cookies instaladas en su dispositivo. Adem\u00e1s, mientras navega por el Sitio, recopilamos informaci\u00f3n sobre las p\u00e1ginas web o productos que visita, los sitios web o t\u00e9rminos de b\u00fasqueda que lo redireccionaron al Sitio e informaci\u00f3n sobre c\u00f3mo interact\u00faa con \u00e9l. A esta informaci\u00f3n recopilada autom\u00e1ticamente la denominamos &quot;Informaci\u00f3n del Dispositivo&quot;.<\/p>\n<p><strong><b>Informaci\u00f3n del dispositivo que RECOPILAMOS<\/b><\/strong><br \/>Las cookies son archivos de datos que se almacenan en su dispositivo o computadora y que suelen incluir un identificador \u00fanico an\u00f3nimo. Para obtener m\u00e1s informaci\u00f3n sobre las cookies y c\u00f3mo deshabilitarlas, visite\u00a0<a href=\"https:\/\/link.zhihu.com\/?target=http:\/\/www.allaboutcookies.org\">http:\/\/www.allaboutcookies.org<\/a>.<br \/>\u2013 Los \u201carchivos de registro\u201d rastrean las acciones que ocurren en el Sitio y recopilan datos que incluyen su direcci\u00f3n IP, tipo de navegador, proveedor de servicios de Internet, p\u00e1ginas de referencia\/salida y marcas de fecha\/hora.<br \/>\u2013 Las \u201cbalizas web\u201d, las \u201cetiquetas\u201d y los \u201cp\u00edxeles\u201d son archivos electr\u00f3nicos que se utilizan para registrar informaci\u00f3n sobre c\u00f3mo navega por el Sitio.<\/p>\n<p>Adem\u00e1s, cuando realiza una compra o intenta realizar una compra a trav\u00e9s del Sitio, recopilamos cierta informaci\u00f3n suya, incluido su nombre, direcci\u00f3n de facturaci\u00f3n, direcci\u00f3n de env\u00edo, informaci\u00f3n de pago (incluidos n\u00fameros de tarjeta de cr\u00e9dito, direcci\u00f3n de correo electr\u00f3nico y n\u00famero de tel\u00e9fono. Nos referimos a esta informaci\u00f3n como &quot;Informaci\u00f3n del pedido&quot;.<\/p>\n<p>Cuando hablamos de \u201cInformaci\u00f3n personal\u201d en esta Pol\u00edtica de privacidad, nos referimos tanto a la Informaci\u00f3n del dispositivo como a la Informaci\u00f3n del pedido.<\/p>\n<p><strong><b>\u00bfC\u00d3MO UTILIZAMOS SU INFORMACI\u00d3N PERSONAL?<\/b><\/strong><br \/>Utilizamos la Informaci\u00f3n del Pedido que recopilamos generalmente para procesar cualquier pedido realizado a trav\u00e9s del Sitio (lo que incluye procesar su informaci\u00f3n de pago, gestionar el env\u00edo y proporcionarle facturas o confirmaciones de pedido). Adem\u00e1s, utilizamos esta Informaci\u00f3n del Pedido para:<br \/>\u2013 Comunicarnos con usted;<br \/>\u2013 Examinar nuestros pedidos para detectar posibles riesgos o fraudes;<br \/>\u2013 Cuando est\u00e9 en l\u00ednea con las preferencias que ha compartido con nosotros, proporcionarle informaci\u00f3n o publicidad relacionada con nuestros productos o servicios.<\/p>\n<p>Utilizamos la informaci\u00f3n del dispositivo que recopilamos para ayudarnos a detectar posibles riesgos y fraudes (en particular, su direcci\u00f3n IP) y, de forma m\u00e1s general, para mejorar y optimizar nuestro sitio (por ejemplo, generando an\u00e1lisis sobre c\u00f3mo nuestros clientes navegan e interact\u00faan con el sitio, y para evaluar el \u00e9xito de nuestras campa\u00f1as de marketing y publicidad).<\/p>\n<p><strong><b>COMPARTIENDO SU INFORMACI\u00d3N PERSONAL<\/b><\/strong><br \/>Compartimos su informaci\u00f3n personal con terceros para que nos ayuden a usarla, como se describe anteriormente. Por ejemplo, utilizamos WooCommerce Soft para impulsar nuestra tienda en l\u00ednea.<br \/>Tambi\u00e9n utilizamos Google Analytics para ayudarnos a comprender c\u00f3mo nuestros clientes usan el Sitio; puede leer m\u00e1s sobre c\u00f3mo Google usa su informaci\u00f3n personal aqu\u00ed:\u00a0<a href=\"https:\/\/link.zhihu.com\/?target=https:\/\/www.google.com\/intl\/en\/policies\/privacy\/\">https:\/\/www.google.com\/intl\/en\/policies\/privacy\/<\/a>Tambi\u00e9n puedes inhabilitar Google Analytics aqu\u00ed:\u00a0<a href=\"https:\/\/link.zhihu.com\/?target=https:\/\/tools.google.com\/dlpage\/gaoptout\">https:\/\/tools.google.com\/dlpage\/gaoptout<\/a>.<\/p>\n<p>Por \u00faltimo, tambi\u00e9n podemos compartir su informaci\u00f3n personal para cumplir con las leyes y regulaciones aplicables, para responder a una citaci\u00f3n, orden de allanamiento u otra solicitud legal de informaci\u00f3n que recibamos, o para proteger nuestros derechos.<\/p>\n<p><strong><b>PUBLICIDAD CONDUCTUAL<\/b><\/strong><br \/>Como se describi\u00f3 anteriormente, utilizamos su informaci\u00f3n personal para ofrecerle anuncios o comunicaciones de marketing espec\u00edficos que creemos que pueden ser de su inter\u00e9s. Para obtener m\u00e1s informaci\u00f3n sobre c\u00f3mo funciona la publicidad dirigida, puede visitar la p\u00e1gina educativa de la Iniciativa de Publicidad en Red (NAI) en\u00a0<a href=\"https:\/\/link.zhihu.com\/?target=http:\/\/www.networkadvertising.org\/understanding-online-advertising\/how-does-it-work\">http:\/\/www.networkadvertising.org\/understanding-online-advertising\/how-does-it-work<\/a>.<\/p>\n<p>Puede optar por no recibir publicidad dirigida mediante los enlaces que aparecen a continuaci\u00f3n:<br \/>- Facebook:\u00a0<a href=\"https:\/\/link.zhihu.com\/?target=https:\/\/www.facebook.com\/settings\/?tab=ads\">https:\/\/www.facebook.com\/settings\/?tab=ads<\/a><br \/>- Google:\u00a0<a href=\"https:\/\/link.zhihu.com\/?target=https:\/\/www.google.com\/settings\/ads\/anonymous\">https:\/\/www.google.com\/settings\/ads\/anonymous<\/a><br \/>\u2013 Bing:\u00a0<a href=\"https:\/\/link.zhihu.com\/?target=https:\/\/advertise.bingads.microsoft.com\/en-us\/resources\/policies\/personalized-ads\">https:\/\/advertise.bingads.microsoft.com\/en-us\/resources\/policies\/personalized-ads<\/a><br \/>Adem\u00e1s, puede optar por no participar en algunos de estos servicios visitando el portal de exclusi\u00f3n voluntaria de Digital Advertising Alliance en:\u00a0<a href=\"https:\/\/link.zhihu.com\/?target=http:\/\/optout.aboutads.info\/\">http:\/\/optout.aboutads.info\/<\/a>.<\/p>\n<p><strong><b>NO SEGUIR<\/b><\/strong><br \/>Tenga en cuenta que no modificamos las pr\u00e1cticas de recopilaci\u00f3n y uso de datos de nuestro Sitio cuando vemos una se\u00f1al de No rastrear desde su navegador.<\/p>\n<p><strong><b>SUS DERECHOS<\/b><\/strong><br \/>Si reside en Europa, tiene derecho a acceder a la informaci\u00f3n personal que conservamos sobre usted y a solicitar su correcci\u00f3n, actualizaci\u00f3n o eliminaci\u00f3n. Si desea ejercer este derecho, cont\u00e1ctenos a trav\u00e9s de la informaci\u00f3n de contacto que aparece a continuaci\u00f3n.<\/p>\n<p>Adem\u00e1s, si reside en Europa, le informamos que procesamos su informaci\u00f3n para cumplir con los contratos que tengamos con usted (por ejemplo, si realiza un pedido a trav\u00e9s del Sitio) o para perseguir nuestros intereses comerciales leg\u00edtimos mencionados anteriormente. Adem\u00e1s, tenga en cuenta que su informaci\u00f3n se transferir\u00e1 fuera de Europa, incluyendo a Canad\u00e1 y Estados Unidos.<\/p>\n<p><strong><b>RETENCI\u00d3N DE DATOS<\/b><\/strong><br \/>Cuando realiza un pedido a trav\u00e9s del Sitio, mantendremos su Informaci\u00f3n de pedido en nuestros registros a menos que y hasta que nos solicite que eliminemos dicha informaci\u00f3n.<\/p>\n<p><strong><b>CAMBIOS<\/b><\/strong><br \/>Es posible que actualicemos esta pol\u00edtica de privacidad de vez en cuando para reflejar, por ejemplo, cambios en nuestras pr\u00e1cticas o por otras razones operativas, legales o regulatorias.<\/p>\n<p><strong><b>MENORES<\/b><\/strong><br \/>El Sitio no est\u00e1 destinado a personas menores de 13 a\u00f1os.<\/p>\n<p><strong><b>CONT\u00c1CTENOS<\/b><\/strong><br \/>Para obtener m\u00e1s informaci\u00f3n sobre nuestras pr\u00e1cticas de privacidad, si tiene preguntas o si desea presentar una queja, cont\u00e1ctenos mediante los detalles que se proporcionan a continuaci\u00f3n:<\/p>\n<p>nombre_compa\u00f1\u00eda: Foreign Trade Company<\/p>\n<p>correo electr\u00f3nico de la empresa:<a href=\"mailto:service@domain.com\">service@domain.com<\/a><strong><b><br \/><\/b><\/strong>Direcci\u00f3n de la empresa: A12-1002, Centro Lushang, Distrito Lanshan, Ciudad Linyi, Provincia Shandong<\/p>\t\t\t\t\t\t\t\t<\/div>\n\t\t\t\t<\/div>\n\t\t\t\t\t<\/div>\n\t\t\t\t<\/div>\n\t\t\t\t<\/div>","protected":false},"excerpt":{"rendered":"<p>Esta Pol\u00edtica de Privacidad describe c\u00f3mo recopilamos, utilizamos y compartimos su informaci\u00f3n personal cuando nos visita o realiza una compra. INFORMACI\u00d3N PERSONAL QUE RECOPILAMOS: Cuando visita el Sitio, recopilamos autom\u00e1ticamente cierta informaci\u00f3n sobre su dispositivo, incluyendo informaci\u00f3n sobre su navegador web, direcci\u00f3n IP, zona horaria y algunas de las cookies que [\u2026]<\/p>","protected":false},"author":1,"featured_media":0,"parent":0,"menu_order":0,"comment_status":"closed","ping_status":"open","template":"","meta":{"_acf_changed":false,"footnotes":""},"class_list":["post-3","page","type-page","status-publish","hentry"],"acf":[],"_links":{"self":[{"href":"https:\/\/www.sinodec.com\/es\/wp-json\/wp\/v2\/pages\/3","targetHints":{"allow":["GET"]}}],"collection":[{"href":"https:\/\/www.sinodec.com\/es\/wp-json\/wp\/v2\/pages"}],"about":[{"href":"https:\/\/www.sinodec.com\/es\/wp-json\/wp\/v2\/types\/page"}],"author":[{"embeddable":true,"href":"https:\/\/www.sinodec.com\/es\/wp-json\/wp\/v2\/users\/1"}],"replies":[{"embeddable":true,"href":"https:\/\/www.sinodec.com\/es\/wp-json\/wp\/v2\/comments?post=3"}],"version-history":[{"count":0,"href":"https:\/\/www.sinodec.com\/es\/wp-json\/wp\/v2\/pages\/3\/revisions"}],"wp:attachment":[{"href":"https:\/\/www.sinodec.com\/es\/wp-json\/wp\/v2\/media?parent=3"}],"curies":[{"name":"wp","href":"https:\/\/api.w.org\/{rel}","templated":true}]}}