{"id":149,"date":"2025-06-18T11:33:30","date_gmt":"2025-06-18T03:33:30","guid":{"rendered":"https:\/\/www.sinodec.com\/?page_id=149"},"modified":"2025-10-20T22:58:10","modified_gmt":"2025-10-20T14:58:10","slug":"our-certificate","status":"publish","type":"page","link":"https:\/\/www.sinodec.com\/es\/our-certificate\/","title":{"rendered":"Certificado"},"content":{"rendered":"<div data-elementor-type=\"wp-page\" data-elementor-id=\"149\" class=\"elementor elementor-149\" data-elementor-post-type=\"page\">\n\t\t\t\t<div class=\"elementor-element elementor-element-4eadd2c e-flex e-con-boxed e-con e-parent\" data-id=\"4eadd2c\" data-element_type=\"container\" data-settings=\"{&quot;background_background&quot;:&quot;classic&quot;}\">\n\t\t\t\t\t<div class=\"e-con-inner\">\n\t\t\t\t<div class=\"elementor-element elementor-element-e8d2d89 elementor-widget elementor-widget-heading\" data-id=\"e8d2d89\" data-element_type=\"widget\" data-widget_type=\"heading.default\">\n\t\t\t\t<div class=\"elementor-widget-container\">\n\t\t\t\t\t<h2 class=\"elementor-heading-title elementor-size-default\">Certificado<\/h2>\t\t\t\t<\/div>\n\t\t\t\t<\/div>\n\t\t\t\t<div class=\"elementor-element elementor-element-22ae306 elementor-widget__width-initial elementor-widget elementor-widget-text-editor\" data-id=\"22ae306\" data-element_type=\"widget\" data-widget_type=\"text-editor.default\">\n\t\t\t\t<div class=\"elementor-widget-container\">\n\t\t\t\t\t\t\t\t\t<p>Con m\u00e1s de 20 a\u00f1os de experiencia en el mercado y sirviendo a clientes en m\u00e1s de 20 pa\u00edses, nuestros cables y cargadores USB son ampliamente utilizados en audio, v\u00eddeo, wearables y medicina, proporcionamos servicio personalizado OEM y ODM en casi todos los campos.  Sinodec es una marca registrada en m\u00e1s de 20 pa\u00edses. Con nuestra amplia experiencia y capacidades fuertes, estamos seguros de convertirse en su pr\u00f3ximo proveedor ideal.<\/p>\t\t\t\t\t\t\t\t<\/div>\n\t\t\t\t<\/div>\n\t\t\t\t<div class=\"elementor-element elementor-element-ae55a72 elementor-widget elementor-widget-shortcode\" data-id=\"ae55a72\" data-element_type=\"widget\" data-widget_type=\"shortcode.default\">\n\t\t\t\t<div class=\"elementor-widget-container\">\n\t\t\t\t\t\t\t<div class=\"elementor-shortcode\">\t\t\t<!-- Flexy Breadcrumb -->\r\n\t\t\t<div class=\"fbc fbc-page\">\r\n\r\n\t\t\t\t<!-- Breadcrumb wrapper -->\r\n\t\t\t\t<div class=\"fbc-wrap\">\r\n\r\n\t\t\t\t\t<!-- Ordered list-->\r\n\t\t\t\t\t<ol class=\"fbc-items\" itemscope itemtype=\"https:\/\/schema.org\/BreadcrumbList\">\r\n\t\t\t\t\t\t            <li itemprop=\"itemListElement\" itemscope itemtype=\"https:\/\/schema.org\/ListItem\">\r\n                <span itemprop=\"name\">\r\n                    <!-- Home Link -->\r\n                    <a itemprop=\"item\" href=\"https:\/\/www.sinodec.com\/es\/\">\r\n                    \r\n                                                    <i class=\"fa fa-home\" aria-hidden=\"true\"><\/i>Hogar                    <\/a>\r\n                <\/span>\r\n                <meta itemprop=\"position\" content=\"1\" \/><!-- Meta Position-->\r\n             <\/li><li><span class=\"fbc-separator\">\u00bb<\/span><\/li><li class=\"active\" itemprop=\"itemListElement\" itemscope itemtype=\"https:\/\/schema.org\/ListItem\"><span itemprop=\"name\" title=\"Certificado\">Certificado<\/span><meta itemprop=\"position\" content=\"2\" \/><\/li>\t\t\t\t\t<\/ol>\r\n\t\t\t\t\t<div class=\"clearfix\"><\/div>\r\n\t\t\t\t<\/div>\r\n\t\t\t<\/div>\r\n\t\t\t<\/div>\n\t\t\t\t\t\t<\/div>\n\t\t\t\t<\/div>\n\t\t\t\t\t<\/div>\n\t\t\t\t<\/div>\n\t\t<div class=\"elementor-element elementor-element-00e5db9 elementor-hidden-desktop elementor-hidden-tablet elementor-hidden-mobile e-flex e-con-boxed e-con e-parent\" data-id=\"00e5db9\" data-element_type=\"container\">\n\t\t\t\t\t<div class=\"e-con-inner\">\n\t\t\t\t<div class=\"elementor-element elementor-element-a901c7e elementor-widget elementor-widget-heading\" data-id=\"a901c7e\" data-element_type=\"widget\" data-widget_type=\"heading.default\">\n\t\t\t\t<div class=\"elementor-widget-container\">\n\t\t\t\t\t<h3 class=\"elementor-heading-title elementor-size-default\">Todas las marcas<\/h3>\t\t\t\t<\/div>\n\t\t\t\t<\/div>\n\t\t<div class=\"elementor-element elementor-element-9f3092e e-con-full e-flex e-con e-child\" data-id=\"9f3092e\" data-element_type=\"container\">\n\t\t<div class=\"elementor-element elementor-element-1cf4d07 e-con-full e-flex e-con e-child\" data-id=\"1cf4d07\" data-element_type=\"container\">\n\t\t\t\t<div class=\"elementor-element elementor-element-0187c76 elementor-position-top elementor-widget elementor-widget-image-box\" data-id=\"0187c76\" data-element_type=\"widget\" data-widget_type=\"image-box.default\">\n\t\t\t\t<div class=\"elementor-widget-container\">\n\t\t\t\t\t<div class=\"elementor-image-box-wrapper\"><figure class=\"elementor-image-box-img\"><img fetchpriority=\"high\" decoding=\"async\" width=\"400\" height=\"145\" src=\"https:\/\/www.sinodec.com\/wp-content\/uploads\/2025\/06\/EJET\u00ae.webp\" class=\"attachment-full size-full wp-image-370\" alt=\"Certificado - Sinodec Industrial Co.\" srcset=\"https:\/\/www.sinodec.com\/wp-content\/uploads\/2025\/06\/EJET\u00ae.webp 400w, https:\/\/www.sinodec.com\/wp-content\/uploads\/2025\/06\/EJET\u00ae-300x109.webp 300w\" sizes=\"(max-width: 400px) 100vw, 400px\" \/><\/figure><div class=\"elementor-image-box-content\"><h3 class=\"elementor-image-box-title\">EJET\u00ae<\/h3><p class=\"elementor-image-box-description\">EJET\u00ae ofrece una amplia gama de productos de vinilo autoadhesivos y es una marca l\u00edder en \u00c1frica con importantes distribuidores, que tambi\u00e9n ofrece pel\u00edculas para ventanas y laminaci\u00f3n en fr\u00edo.<\/p><\/div><\/div>\t\t\t\t<\/div>\n\t\t\t\t<\/div>\n\t\t\t\t<\/div>\n\t\t<div class=\"elementor-element elementor-element-a3067a3 e-con-full e-flex e-con e-child\" data-id=\"a3067a3\" data-element_type=\"container\">\n\t\t\t\t<div class=\"elementor-element elementor-element-72b7e87 elementor-position-top elementor-widget elementor-widget-image-box\" data-id=\"72b7e87\" data-element_type=\"widget\" data-widget_type=\"image-box.default\">\n\t\t\t\t<div class=\"elementor-widget-container\">\n\t\t\t\t\t<div class=\"elementor-image-box-wrapper\"><figure class=\"elementor-image-box-img\"><img decoding=\"async\" width=\"400\" height=\"145\" src=\"https:\/\/www.sinodec.com\/wp-content\/uploads\/2025\/06\/olfa\u00ae01.webp\" class=\"attachment-full size-full wp-image-369\" alt=\"Certificado - Sinodec Industrial Co.\" srcset=\"https:\/\/www.sinodec.com\/wp-content\/uploads\/2025\/06\/olfa\u00ae01.webp 400w, https:\/\/www.sinodec.com\/wp-content\/uploads\/2025\/06\/olfa\u00ae01-300x109.webp 300w\" sizes=\"(max-width: 400px) 100vw, 400px\" \/><\/figure><div class=\"elementor-image-box-content\"><h3 class=\"elementor-image-box-title\">olfa\u00ae<\/h3><p class=\"elementor-image-box-description\">OLFA\u00ae ofrece vinilo autoadhesivo de alta calidad a precios competitivos, con un fuerte reconocimiento en \u00c1frica a trav\u00e9s de asociaciones con importantes distribuidores locales.<\/p><\/div><\/div>\t\t\t\t<\/div>\n\t\t\t\t<\/div>\n\t\t\t\t<\/div>\n\t\t<div class=\"elementor-element elementor-element-6e1e594 e-con-full e-flex e-con e-child\" data-id=\"6e1e594\" data-element_type=\"container\">\n\t\t\t\t<div class=\"elementor-element elementor-element-bb2b4c1 elementor-position-top elementor-widget elementor-widget-image-box\" data-id=\"bb2b4c1\" data-element_type=\"widget\" data-widget_type=\"image-box.default\">\n\t\t\t\t<div class=\"elementor-widget-container\">\n\t\t\t\t\t<div class=\"elementor-image-box-wrapper\"><figure class=\"elementor-image-box-img\"><img decoding=\"async\" width=\"400\" height=\"145\" src=\"https:\/\/www.sinodec.com\/wp-content\/uploads\/2025\/06\/nio\u00ae.webp\" class=\"attachment-full size-full wp-image-368\" alt=\"Certificado - Sinodec Industrial Co.\" srcset=\"https:\/\/www.sinodec.com\/wp-content\/uploads\/2025\/06\/nio\u00ae.webp 400w, https:\/\/www.sinodec.com\/wp-content\/uploads\/2025\/06\/nio\u00ae-300x109.webp 300w\" sizes=\"(max-width: 400px) 100vw, 400px\" \/><\/figure><div class=\"elementor-image-box-content\"><h3 class=\"elementor-image-box-title\">nio\u00ae<\/h3><p class=\"elementor-image-box-description\">Como marca premium, el vinilo autoadhesivo de NIO tiene un precio m\u00e1s alto que el de EJET y OLFA, y ofrece a los clientes soluciones m\u00e1s duraderas y confiables con una calidad y un rendimiento excepcionales.<\/p><\/div><\/div>\t\t\t\t<\/div>\n\t\t\t\t<\/div>\n\t\t\t\t<\/div>\n\t\t<div class=\"elementor-element elementor-element-a93d987 e-con-full e-flex e-con e-child\" data-id=\"a93d987\" data-element_type=\"container\">\n\t\t\t\t<div class=\"elementor-element elementor-element-f479058 elementor-position-top elementor-widget elementor-widget-image-box\" data-id=\"f479058\" data-element_type=\"widget\" data-widget_type=\"image-box.default\">\n\t\t\t\t<div class=\"elementor-widget-container\">\n\t\t\t\t\t<div class=\"elementor-image-box-wrapper\"><figure class=\"elementor-image-box-img\"><img loading=\"lazy\" decoding=\"async\" width=\"400\" height=\"145\" src=\"https:\/\/www.sinodec.com\/wp-content\/uploads\/2025\/06\/ad-vinyl\u00ae.webp\" class=\"attachment-full size-full wp-image-367\" alt=\"Certificado - Sinodec Industrial Co.\" srcset=\"https:\/\/www.sinodec.com\/wp-content\/uploads\/2025\/06\/ad-vinyl\u00ae.webp 400w, https:\/\/www.sinodec.com\/wp-content\/uploads\/2025\/06\/ad-vinyl\u00ae-300x109.webp 300w\" sizes=\"(max-width: 400px) 100vw, 400px\" \/><\/figure><div class=\"elementor-image-box-content\"><h3 class=\"elementor-image-box-title\">ad-vinyl\u00ae<\/h3><p class=\"elementor-image-box-description\">Productos de vinilo autoadhesivos especiales, como vinilo resistente al fuego y espec\u00edfico para congelador.<\/p><\/div><\/div>\t\t\t\t<\/div>\n\t\t\t\t<\/div>\n\t\t\t\t<\/div>\n\t\t<div class=\"elementor-element elementor-element-03e8a67 e-con-full e-flex e-con e-child\" data-id=\"03e8a67\" data-element_type=\"container\">\n\t\t\t\t<div class=\"elementor-element elementor-element-50f8657 elementor-position-top elementor-widget elementor-widget-image-box\" data-id=\"50f8657\" data-element_type=\"widget\" data-widget_type=\"image-box.default\">\n\t\t\t\t<div class=\"elementor-widget-container\">\n\t\t\t\t\t<div class=\"elementor-image-box-wrapper\"><figure class=\"elementor-image-box-img\"><img loading=\"lazy\" decoding=\"async\" width=\"400\" height=\"145\" src=\"https:\/\/www.sinodec.com\/wp-content\/uploads\/2025\/06\/V-mark\u00ae.webp\" class=\"attachment-full size-full wp-image-366\" alt=\"Certificado - Sinodec Industrial Co.\" srcset=\"https:\/\/www.sinodec.com\/wp-content\/uploads\/2025\/06\/V-mark\u00ae.webp 400w, https:\/\/www.sinodec.com\/wp-content\/uploads\/2025\/06\/V-mark\u00ae-300x109.webp 300w\" sizes=\"(max-width: 400px) 100vw, 400px\" \/><\/figure><div class=\"elementor-image-box-content\"><h3 class=\"elementor-image-box-title\">Marca V\u00ae<\/h3><p class=\"elementor-image-box-description\">V-mark\u00ae se especializa en vinilo de corte de color y ofrece opciones duraderas con una vida \u00fatil de 1 a 5 a\u00f1os y 63 opciones de colores vibrantes.<\/p><\/div><\/div>\t\t\t\t<\/div>\n\t\t\t\t<\/div>\n\t\t\t\t<\/div>\n\t\t<div class=\"elementor-element elementor-element-ae9ecd4 e-con-full e-flex e-con e-child\" data-id=\"ae9ecd4\" data-element_type=\"container\">\n\t\t\t\t<div class=\"elementor-element elementor-element-9e373e1 elementor-position-top elementor-widget elementor-widget-image-box\" data-id=\"9e373e1\" data-element_type=\"widget\" data-widget_type=\"image-box.default\">\n\t\t\t\t<div class=\"elementor-widget-container\">\n\t\t\t\t\t<div class=\"elementor-image-box-wrapper\"><figure class=\"elementor-image-box-img\"><img loading=\"lazy\" decoding=\"async\" width=\"400\" height=\"145\" src=\"https:\/\/www.sinodec.com\/wp-content\/uploads\/2025\/06\/TOME\u00ae.webp\" class=\"attachment-full size-full wp-image-365\" alt=\"Certificado - Sinodec Industrial Co.\" srcset=\"https:\/\/www.sinodec.com\/wp-content\/uploads\/2025\/06\/TOME\u00ae.webp 400w, https:\/\/www.sinodec.com\/wp-content\/uploads\/2025\/06\/TOME\u00ae-300x109.webp 300w\" sizes=\"(max-width: 400px) 100vw, 400px\" \/><\/figure><div class=\"elementor-image-box-content\"><h3 class=\"elementor-image-box-title\">TOMO\u00ae<\/h3><p class=\"elementor-image-box-description\">TOME\u00ae ofrece una amplia variedad de productos, incluidos carteles flexibles, pel\u00edculas ultra transparentes, para piso, PET, est\u00e1ticas, para laminaci\u00f3n en fr\u00edo, papeles tapiz y One Way Vision.<\/p><\/div><\/div>\t\t\t\t<\/div>\n\t\t\t\t<\/div>\n\t\t\t\t<\/div>\n\t\t\t\t<\/div>\n\t\t\t\t\t<\/div>\n\t\t\t\t<\/div>\n\t\t<div class=\"elementor-element elementor-element-b1ac2e7 e-flex e-con-boxed e-con e-parent\" data-id=\"b1ac2e7\" data-element_type=\"container\">\n\t\t\t\t\t<div class=\"e-con-inner\">\n\t\t\t\t<div class=\"elementor-element elementor-element-82d5e69 elementor-widget elementor-widget-heading\" data-id=\"82d5e69\" data-element_type=\"widget\" data-widget_type=\"heading.default\">\n\t\t\t\t<div class=\"elementor-widget-container\">\n\t\t\t\t\t<h3 class=\"elementor-heading-title elementor-size-default\">Certificados<\/h3>\t\t\t\t<\/div>\n\t\t\t\t<\/div>\n\t\t<div class=\"elementor-element elementor-element-4430f78 e-grid e-con-full e-con e-child\" data-id=\"4430f78\" data-element_type=\"container\">\n\t\t\t\t<div class=\"elementor-element elementor-element-54fc27f elementor-position-top elementor-widget elementor-widget-image-box\" data-id=\"54fc27f\" data-element_type=\"widget\" data-widget_type=\"image-box.default\">\n\t\t\t\t<div class=\"elementor-widget-container\">\n\t\t\t\t\t<div class=\"elementor-image-box-wrapper\"><figure class=\"elementor-image-box-img\"><img loading=\"lazy\" decoding=\"async\" width=\"1024\" height=\"512\" src=\"https:\/\/www.sinodec.com\/wp-content\/smush-webp\/2025\/10\/ROHS-PB.jpg.webp\" class=\"attachment-full size-full wp-image-3067\" alt=\"Certificado - Sinodec Industrial Co.\" srcset=\"https:\/\/www.sinodec.com\/wp-content\/smush-webp\/2025\/10\/ROHS-PB.jpg.webp 1024w, https:\/\/www.sinodec.com\/wp-content\/smush-webp\/2025\/10\/ROHS-PB-300x150.jpg.webp 300w, https:\/\/www.sinodec.com\/wp-content\/smush-webp\/2025\/10\/ROHS-PB-768x384.jpg.webp 768w, https:\/\/www.sinodec.com\/wp-content\/uploads\/2025\/10\/ROHS-PB-18x9.jpg 18w\" sizes=\"(max-width: 1024px) 100vw, 1024px\" \/><\/figure><div class=\"elementor-image-box-content\"><h3 class=\"elementor-image-box-title\">Centrarse en la innovaci\u00f3n para satisfacer diversas necesidades<\/h3><p class=\"elementor-image-box-description\">En el campo de la impresi\u00f3n de materiales publicitarios, nos mantenemos a la vanguardia de las tendencias del mercado y atendemos las demandas de nuestros clientes para desarrollar continuamente diversos productos de vinilo autoadhesivo. Nuestro objetivo es ofrecer las mejores soluciones en materiales publicitarios mediante la innovaci\u00f3n y una calidad superior.<\/p><\/div><\/div>\t\t\t\t<\/div>\n\t\t\t\t<\/div>\n\t\t\t\t<div class=\"elementor-element elementor-element-fef5f45 elementor-position-top elementor-widget elementor-widget-image-box\" data-id=\"fef5f45\" data-element_type=\"widget\" data-widget_type=\"image-box.default\">\n\t\t\t\t<div class=\"elementor-widget-container\">\n\t\t\t\t\t<div class=\"elementor-image-box-wrapper\"><figure class=\"elementor-image-box-img\"><img loading=\"lazy\" decoding=\"async\" width=\"1024\" height=\"512\" src=\"https:\/\/www.sinodec.com\/wp-content\/smush-webp\/2025\/10\/Certificate-sinodec-PB1.png.webp\" class=\"attachment-full size-full wp-image-3066\" alt=\"Certificado - Sinodec Industrial Co.\" srcset=\"https:\/\/www.sinodec.com\/wp-content\/smush-webp\/2025\/10\/Certificate-sinodec-PB1.png.webp 1024w, https:\/\/www.sinodec.com\/wp-content\/smush-webp\/2025\/10\/Certificate-sinodec-PB1-300x150.png.webp 300w, https:\/\/www.sinodec.com\/wp-content\/smush-webp\/2025\/10\/Certificate-sinodec-PB1-768x384.png.webp 768w, https:\/\/www.sinodec.com\/wp-content\/smush-webp\/2025\/10\/Certificate-sinodec-PB1-18x9.png.webp 18w\" sizes=\"(max-width: 1024px) 100vw, 1024px\" \/><\/figure><div class=\"elementor-image-box-content\"><h3 class=\"elementor-image-box-title\">Productos vers\u00e1tiles, amplias aplicaciones<\/h3><p class=\"elementor-image-box-description\">Ofrecemos una gama completa de vinilos autoadhesivos, ideales para diversos escenarios publicitarios. Ya sea en interiores o exteriores, nuestros productos satisfacen las diversas necesidades de nuestros clientes. <\/p><\/div><\/div>\t\t\t\t<\/div>\n\t\t\t\t<\/div>\n\t\t\t\t<div class=\"elementor-element elementor-element-2f91cbd elementor-position-top elementor-widget elementor-widget-image-box\" data-id=\"2f91cbd\" data-element_type=\"widget\" data-widget_type=\"image-box.default\">\n\t\t\t\t<div class=\"elementor-widget-container\">\n\t\t\t\t\t<div class=\"elementor-image-box-wrapper\"><figure class=\"elementor-image-box-img\"><img loading=\"lazy\" decoding=\"async\" width=\"768\" height=\"365\" src=\"https:\/\/www.sinodec.com\/wp-content\/smush-webp\/2025\/10\/\u8ba4\u8bc1-768x365.png.webp\" class=\"attachment-medium_large size-medium_large wp-image-3069\" alt=\"Certificado - Sinodec Industrial Co.\" srcset=\"https:\/\/www.sinodec.com\/wp-content\/smush-webp\/2025\/10\/\u8ba4\u8bc1-768x365.png.webp 768w, https:\/\/www.sinodec.com\/wp-content\/smush-webp\/2025\/10\/\u8ba4\u8bc1-300x143.png.webp 300w, https:\/\/www.sinodec.com\/wp-content\/smush-webp\/2025\/10\/\u8ba4\u8bc1-18x9.png.webp 18w, https:\/\/www.sinodec.com\/wp-content\/smush-webp\/2025\/10\/\u8ba4\u8bc1.png.webp 933w\" sizes=\"(max-width: 768px) 100vw, 768px\" \/><\/figure><div class=\"elementor-image-box-content\"><h3 class=\"elementor-image-box-title\">Excelencia centrada en el cliente<\/h3><p class=\"elementor-image-box-description\">Valoramos las necesidades de cada cliente y brindamos soluciones personalizadas y apoyo profesional, garantizando que cada colaboraci\u00f3n sea una experiencia agradable y satisfactoria. <\/p><\/div><\/div>\t\t\t\t<\/div>\n\t\t\t\t<\/div>\n\t\t\t\t<div class=\"elementor-element elementor-element-1aa0fb6 elementor-position-top elementor-widget elementor-widget-image-box\" data-id=\"1aa0fb6\" data-element_type=\"widget\" data-widget_type=\"image-box.default\">\n\t\t\t\t<div class=\"elementor-widget-container\">\n\t\t\t\t\t<div class=\"elementor-image-box-wrapper\"><figure class=\"elementor-image-box-img\"><img loading=\"lazy\" decoding=\"async\" width=\"300\" height=\"300\" src=\"https:\/\/www.sinodec.com\/wp-content\/smush-webp\/2025\/10\/ISO-PB-300x300.jpg.webp\" class=\"attachment-medium size-medium wp-image-3068\" alt=\"Certificado - Sinodec Industrial Co.\" srcset=\"https:\/\/www.sinodec.com\/wp-content\/smush-webp\/2025\/10\/ISO-PB-300x300.jpg.webp 300w, https:\/\/www.sinodec.com\/wp-content\/uploads\/2025\/10\/ISO-PB-150x150.jpg 150w, https:\/\/www.sinodec.com\/wp-content\/uploads\/2025\/10\/ISO-PB-12x12.jpg 12w, https:\/\/www.sinodec.com\/wp-content\/smush-webp\/2025\/10\/ISO-PB.jpg.webp 512w\" sizes=\"(max-width: 300px) 100vw, 300px\" \/><\/figure><div class=\"elementor-image-box-content\"><h3 class=\"elementor-image-box-title\">Tranquilidad de esp\u00edritu garantizada<\/h3><p class=\"elementor-image-box-description\">Si surge alg\u00fan problema durante el transporte o el uso, prometemos una garant\u00eda de reembolso total de 100%, asegurando que sus derechos est\u00e9n completamente protegidos.<\/p><\/div><\/div>\t\t\t\t<\/div>\n\t\t\t\t<\/div>\n\t\t\t\t<\/div>\n\t\t\t\t\t<\/div>\n\t\t\t\t<\/div>\n\t\t<div class=\"elementor-element elementor-element-1409267 e-grid e-con-boxed e-con e-parent\" data-id=\"1409267\" data-element_type=\"container\">\n\t\t\t\t\t<div class=\"e-con-inner\">\n\t\t\t\t\t<\/div>\n\t\t\t\t<\/div>\n\t\t<div class=\"elementor-element elementor-element-0492b2d e-flex e-con-boxed e-con e-parent\" data-id=\"0492b2d\" data-element_type=\"container\">\n\t\t\t\t\t<div class=\"e-con-inner\">\n\t\t\t\t<div class=\"elementor-element elementor-element-0fb3ce0 elementor-widget elementor-widget-image\" data-id=\"0fb3ce0\" data-element_type=\"widget\" data-widget_type=\"image.default\">\n\t\t\t\t<div class=\"elementor-widget-container\">\n\t\t\t\t\t\t\t\t\t\t\t\t\t\t\t<img alt=\"Certificado - Sinodec Industrial Co.\" decoding=\"async\" src=\"https:\/\/www.sinodec.com\/wp-content\/uploads\/2025\/10\/Sinodec-CE-and-Rohs.jpg\" title=\"\" loading=\"lazy\" \/>\t\t\t\t\t\t\t\t\t\t\t\t\t\t\t<\/div>\n\t\t\t\t<\/div>\n\t\t\t\t\t<\/div>\n\t\t\t\t<\/div>\n\t\t<div class=\"elementor-element elementor-element-3cbea6c e-flex e-con-boxed e-con e-parent\" data-id=\"3cbea6c\" data-element_type=\"container\">\n\t\t\t\t\t<div class=\"e-con-inner\">\n\t\t\t\t<div class=\"elementor-element elementor-element-0c3c097 elementor-widget elementor-widget-image\" data-id=\"0c3c097\" data-element_type=\"widget\" data-widget_type=\"image.default\">\n\t\t\t\t<div class=\"elementor-widget-container\">\n\t\t\t\t\t\t\t\t\t\t\t\t\t\t\t<img alt=\"Certificado - Sinodec Industrial Co.\" decoding=\"async\" src=\"https:\/\/www.sinodec.com\/wp-content\/plugins\/elementor\/assets\/images\/placeholder.png\" title=\"\" loading=\"lazy\" \/>\t\t\t\t\t\t\t\t\t\t\t\t\t\t\t<\/div>\n\t\t\t\t<\/div>\n\t\t\t\t\t<\/div>\n\t\t\t\t<\/div>\n\t\t<div class=\"elementor-element elementor-element-3acec39 e-flex e-con-boxed e-con e-parent\" data-id=\"3acec39\" data-element_type=\"container\">\n\t\t\t\t\t<div class=\"e-con-inner\">\n\t\t\t\t\t<\/div>\n\t\t\t\t<\/div>\n\t\t\t\t<\/div>","protected":false},"excerpt":{"rendered":"<p>Certificado Con m\u00e1s de 20 a\u00f1os de experiencia en el mercado y sirviendo a clientes en m\u00e1s de 20 pa\u00edses, nuestros cables USB y cargadores son ampliamente utilizados en audio, v\u00eddeo, wearable y m\u00e9dica, proporcionamos OEM personalizado y servicio de ODM en casi todos los campos.  Sinodec son marca registrada en m\u00e1s de 20 pa\u00edses. Con nuestra amplia experiencia y [...]<\/p>","protected":false},"author":1,"featured_media":0,"parent":0,"menu_order":0,"comment_status":"closed","ping_status":"closed","template":"","meta":{"_acf_changed":false,"footnotes":""},"class_list":["post-149","page","type-page","status-publish","hentry"],"acf":[],"_links":{"self":[{"href":"https:\/\/www.sinodec.com\/es\/wp-json\/wp\/v2\/pages\/149","targetHints":{"allow":["GET"]}}],"collection":[{"href":"https:\/\/www.sinodec.com\/es\/wp-json\/wp\/v2\/pages"}],"about":[{"href":"https:\/\/www.sinodec.com\/es\/wp-json\/wp\/v2\/types\/page"}],"author":[{"embeddable":true,"href":"https:\/\/www.sinodec.com\/es\/wp-json\/wp\/v2\/users\/1"}],"replies":[{"embeddable":true,"href":"https:\/\/www.sinodec.com\/es\/wp-json\/wp\/v2\/comments?post=149"}],"version-history":[{"count":0,"href":"https:\/\/www.sinodec.com\/es\/wp-json\/wp\/v2\/pages\/149\/revisions"}],"wp:attachment":[{"href":"https:\/\/www.sinodec.com\/es\/wp-json\/wp\/v2\/media?parent=149"}],"curies":[{"name":"wp","href":"https:\/\/api.w.org\/{rel}","templated":true}]}}