{"id":44,"date":"2025-06-18T10:43:43","date_gmt":"2025-06-18T02:43:43","guid":{"rendered":"https:\/\/www.sinodec.com\/?page_id=44"},"modified":"2025-10-21T16:21:47","modified_gmt":"2025-10-21T08:21:47","slug":"about-us","status":"publish","type":"page","link":"https:\/\/www.sinodec.com\/de\/about-us\/","title":{"rendered":"\u00dcber uns"},"content":{"rendered":"<div data-elementor-type=\"wp-page\" data-elementor-id=\"44\" class=\"elementor elementor-44\" data-elementor-post-type=\"page\">\n\t\t\t\t<div class=\"elementor-element elementor-element-6332389 e-flex e-con-boxed e-con e-parent\" data-id=\"6332389\" data-element_type=\"container\" data-settings=\"{&quot;background_background&quot;:&quot;classic&quot;}\">\n\t\t\t\t\t<div class=\"e-con-inner\">\n\t\t\t\t<div class=\"elementor-element elementor-element-15ee34b elementor-widget__width-initial elementor-widget elementor-widget-text-editor\" data-id=\"15ee34b\" data-element_type=\"widget\" data-widget_type=\"text-editor.default\">\n\t\t\t\t<div class=\"elementor-widget-container\">\n\t\t\t\t\t\t\t\t\t<p>Sinodec Industrial Co., Ltd. wurde 2003 gegr\u00fcndet und ist ein professioneller Hersteller und Exporteur von USB-Kabeln und USB-Ladeger\u00e4ten.<\/p>\t\t\t\t\t\t\t\t<\/div>\n\t\t\t\t<\/div>\n\t\t\t\t<div class=\"elementor-element elementor-element-e5d6840 elementor-widget elementor-widget-shortcode\" data-id=\"e5d6840\" data-element_type=\"widget\" data-widget_type=\"shortcode.default\">\n\t\t\t\t<div class=\"elementor-widget-container\">\n\t\t\t\t\t\t\t<div class=\"elementor-shortcode\">\t\t\t<!-- Flexy Breadcrumb -->\r\n\t\t\t<div class=\"fbc fbc-page\">\r\n\r\n\t\t\t\t<!-- Breadcrumb wrapper -->\r\n\t\t\t\t<div class=\"fbc-wrap\">\r\n\r\n\t\t\t\t\t<!-- Ordered list-->\r\n\t\t\t\t\t<ol class=\"fbc-items\" itemscope itemtype=\"https:\/\/schema.org\/BreadcrumbList\">\r\n\t\t\t\t\t\t            <li itemprop=\"itemListElement\" itemscope itemtype=\"https:\/\/schema.org\/ListItem\">\r\n                <span itemprop=\"name\">\r\n                    <!-- Home Link -->\r\n                    <a itemprop=\"item\" href=\"https:\/\/www.sinodec.com\/de\/\">\r\n                    \r\n                                                    <i class=\"fa fa-home\" aria-hidden=\"true\"><\/i>Heim                    <\/a>\r\n                <\/span>\r\n                <meta itemprop=\"position\" content=\"1\" \/><!-- Meta Position-->\r\n             <\/li><li><span class=\"fbc-separator\">\u00bb<\/span><\/li><li class=\"active\" itemprop=\"itemListElement\" itemscope itemtype=\"https:\/\/schema.org\/ListItem\"><span itemprop=\"name\" title=\"\u00dcber uns\">\u00dcber uns<\/span><meta itemprop=\"position\" content=\"2\" \/><\/li>\t\t\t\t\t<\/ol>\r\n\t\t\t\t\t<div class=\"clearfix\"><\/div>\r\n\t\t\t\t<\/div>\r\n\t\t\t<\/div>\r\n\t\t\t<\/div>\n\t\t\t\t\t\t<\/div>\n\t\t\t\t<\/div>\n\t\t\t\t\t<\/div>\n\t\t\t\t<\/div>\n\t\t<div class=\"elementor-element elementor-element-e9389e8 e-flex e-con-boxed e-con e-parent\" data-id=\"e9389e8\" data-element_type=\"container\">\n\t\t\t\t\t<div class=\"e-con-inner\">\n\t\t<div class=\"elementor-element elementor-element-6effc57 e-con-full e-flex e-con e-child\" data-id=\"6effc57\" data-element_type=\"container\">\n\t\t<div class=\"elementor-element elementor-element-3db63e4 e-con-full e-flex e-con e-child\" data-id=\"3db63e4\" data-element_type=\"container\">\n\t\t\t\t<div class=\"elementor-element elementor-element-5aa432f elementor-widget elementor-widget-image\" data-id=\"5aa432f\" data-element_type=\"widget\" data-widget_type=\"image.default\">\n\t\t\t\t<div class=\"elementor-widget-container\">\n\t\t\t\t\t\t\t\t\t\t\t\t\t\t\t<img fetchpriority=\"high\" decoding=\"async\" width=\"755\" height=\"546\" src=\"https:\/\/www.sinodec.com\/wp-content\/smush-webp\/2025\/08\/20190312000973937393.jpg.webp\" class=\"attachment-full size-full wp-image-2229\" alt=\"\u00dcber uns \u2013 Sinodec Industrial Co., Ltd.\" srcset=\"https:\/\/www.sinodec.com\/wp-content\/smush-webp\/2025\/08\/20190312000973937393.jpg.webp 755w, https:\/\/www.sinodec.com\/wp-content\/smush-webp\/2025\/08\/20190312000973937393-300x217.jpg.webp 300w, https:\/\/www.sinodec.com\/wp-content\/uploads\/2025\/08\/20190312000973937393-18x12.jpg 18w\" sizes=\"(max-width: 755px) 100vw, 755px\" \/>\t\t\t\t\t\t\t\t\t\t\t\t\t\t\t<\/div>\n\t\t\t\t<\/div>\n\t\t\t\t<\/div>\n\t\t<div class=\"elementor-element elementor-element-f403f60 e-con-full e-flex e-con e-child\" data-id=\"f403f60\" data-element_type=\"container\">\n\t\t\t\t<div class=\"elementor-element elementor-element-84439f8 elementor-widget elementor-widget-heading\" data-id=\"84439f8\" data-element_type=\"widget\" data-widget_type=\"heading.default\">\n\t\t\t\t<div class=\"elementor-widget-container\">\n\t\t\t\t\t<h3 class=\"elementor-heading-title elementor-size-default\">Sinodec Industrial Co., Ltd.<\/h3>\t\t\t\t<\/div>\n\t\t\t\t<\/div>\n\t\t\t\t<div class=\"elementor-element elementor-element-93aaafa elementor-widget elementor-widget-text-editor\" data-id=\"93aaafa\" data-element_type=\"widget\" data-widget_type=\"text-editor.default\">\n\t\t\t\t<div class=\"elementor-widget-container\">\n\t\t\t\t\t\t\t\t\t<p>Sinodec Industrial Co., Ltd. wurde 2003 gegr\u00fcndet und ist ein professioneller Hersteller und Exporteur von USB-Kabeln und USB-Ladeger\u00e4ten.<\/p><p>Zu unseren Hauptprodukten geh\u00f6ren USB-Micro-B-Kabel, Lightning-USB-Kabel, Typ-C-Kabel, Ladeger\u00e4te, USB 2.0, USB 3.0 Qualcomm-Schnellladeger\u00e4te f\u00fcrs Auto, SB-Synchronisations- und Ladekabel. Einige unserer Produkte sind MFI-zertifiziert, alle Produkte sind CE-, ROHS-, FCC- und UL-konform. Wir bieten kundenspezifische OEM\/ODM-Dienste an, kleine Mindestbestellmengen sind akzeptabel.<\/p><p>Durch die kontinuierliche Verbesserung von Technik, F&amp;E und Dienstleistungen vergr\u00f6\u00dfern wir Schritt f\u00fcr Schritt unseren globalen Marktanteil. Und werden erfolgreich zum Lieferanten einiger weltweit bekannter Marken. Wir haben jetzt \u00fcber 270 Mitarbeiter, darunter mehr als 20 Mitarbeiter im Bereich Forschung und Entwicklung. In unserer 11.000 Quadratmeter gro\u00dfen Produktionsst\u00e4tte mit 9 Produktionslinien produzieren wir monatlich bis zu 150.000 Sets unserer Produkte. Mit \u00fcberlegener Qualit\u00e4t, angemessenen Preisen und einem professionellen Verkaufsteam bieten wir unseren Kunden auf der ganzen Welt einen One-Stop-Service.<\/p><p>Heutzutage treiben neue Produkte, aufkommende Anwendungen, ver\u00e4nderte Nutzererwartungen usw. den Wandel bei IT-Produkten und -M\u00e4rkten voran. Als Hersteller und Exporteur, der auf dem sich st\u00e4ndig ver\u00e4ndernden Markt f\u00fcr Mobiltelefon-Peripherieger\u00e4te wettbewerbsf\u00e4hig bleiben m\u00f6chte, werden wir alles tun, um mit diesen Entwicklungen Schritt zu halten. Unser Ziel ist es, auf die Bed\u00fcrfnisse unserer Kunden einzugehen und sie mit erstklassiger Qualit\u00e4t und erstklassigem Service zu versorgen.<\/p><p>Ich bin \u00fcberzeugt, dass wir mit unseren beharrlichen Bem\u00fchungen und Ihrer Unterst\u00fctzung gemeinsam eine gl\u00e4nzende Zukunft schaffen k\u00f6nnen!<\/p>\t\t\t\t\t\t\t\t<\/div>\n\t\t\t\t<\/div>\n\t\t\t\t<div class=\"elementor-element elementor-element-f26d126 elementor-icon-list--layout-inline xhx elementor-list-item-link-full_width elementor-widget elementor-widget-icon-list\" data-id=\"f26d126\" data-element_type=\"widget\" data-widget_type=\"icon-list.default\">\n\t\t\t\t<div class=\"elementor-widget-container\">\n\t\t\t\t\t\t\t<ul class=\"elementor-icon-list-items elementor-inline-items\">\n\t\t\t\t\t\t\t<li class=\"elementor-icon-list-item elementor-inline-item\">\n\t\t\t\t\t\t\t\t\t\t\t<a href=\"https:\/\/www.sinodec.com\/de\/factory\/\">\n\n\t\t\t\t\t\t\t\t\t\t\t\t<span class=\"elementor-icon-list-icon\">\n\t\t\t\t\t\t\t<svg aria-hidden=\"true\" class=\"e-font-icon-svg e-fas-warehouse\" viewbox=\"0 0 640 512\" xmlns=\"http:\/\/www.w3.org\/2000\/svg\"><path d=\"M504 352H136.4c-4.4 0-8 3.6-8 8l-.1 48c0 4.4 3.6 8 8 8H504c4.4 0 8-3.6 8-8v-48c0-4.4-3.6-8-8-8zm0 96H136.1c-4.4 0-8 3.6-8 8l-.1 48c0 4.4 3.6 8 8 8h368c4.4 0 8-3.6 8-8v-48c0-4.4-3.6-8-8-8zm0-192H136.6c-4.4 0-8 3.6-8 8l-.1 48c0 4.4 3.6 8 8 8H504c4.4 0 8-3.6 8-8v-48c0-4.4-3.6-8-8-8zm106.5-139L338.4 3.7a48.15 48.15 0 0 0-36.9 0L29.5 117C11.7 124.5 0 141.9 0 161.3V504c0 4.4 3.6 8 8 8h80c4.4 0 8-3.6 8-8V256c0-17.6 14.6-32 32.6-32h382.8c18 0 32.6 14.4 32.6 32v248c0 4.4 3.6 8 8 8h80c4.4 0 8-3.6 8-8V161.3c0-19.4-11.7-36.8-29.5-44.3z\"><\/path><\/svg>\t\t\t\t\t\t<\/span>\n\t\t\t\t\t\t\t\t\t\t<span class=\"elementor-icon-list-text\">Unsere Fabrik<\/span>\n\t\t\t\t\t\t\t\t\t\t\t<\/a>\n\t\t\t\t\t\t\t\t\t<\/li>\n\t\t\t\t\t\t\t\t<li class=\"elementor-icon-list-item elementor-inline-item\">\n\t\t\t\t\t\t\t\t\t\t\t<a href=\"https:\/\/www.sinodec.com\/de\/our-certificate\/\">\n\n\t\t\t\t\t\t\t\t\t\t\t\t<span class=\"elementor-icon-list-icon\">\n\t\t\t\t\t\t\t<svg aria-hidden=\"true\" class=\"e-font-icon-svg e-fas-tags\" viewbox=\"0 0 640 512\" xmlns=\"http:\/\/www.w3.org\/2000\/svg\"><path d=\"M497.941 225.941L286.059 14.059A48 48 0 0 0 252.118 0H48C21.49 0 0 21.49 0 48v204.118a48 48 0 0 0 14.059 33.941l211.882 211.882c18.744 18.745 49.136 18.746 67.882 0l204.118-204.118c18.745-18.745 18.745-49.137 0-67.882zM112 160c-26.51 0-48-21.49-48-48s21.49-48 48-48 48 21.49 48 48-21.49 48-48 48zm513.941 133.823L421.823 497.941c-18.745 18.745-49.137 18.745-67.882 0l-.36-.36L527.64 323.522c16.999-16.999 26.36-39.6 26.36-63.64s-9.362-46.641-26.36-63.64L331.397 0h48.721a48 48 0 0 1 33.941 14.059l211.882 211.882c18.745 18.745 18.745 49.137 0 67.882z\"><\/path><\/svg>\t\t\t\t\t\t<\/span>\n\t\t\t\t\t\t\t\t\t\t<span class=\"elementor-icon-list-text\">Bescheinigung<\/span>\n\t\t\t\t\t\t\t\t\t\t\t<\/a>\n\t\t\t\t\t\t\t\t\t<\/li>\n\t\t\t\t\t\t\t\t<li class=\"elementor-icon-list-item elementor-inline-item\">\n\t\t\t\t\t\t\t\t\t\t\t<a href=\"https:\/\/www.sinodec.com\/de\/our-services\/\">\n\n\t\t\t\t\t\t\t\t\t\t\t\t<span class=\"elementor-icon-list-icon\">\n\t\t\t\t\t\t\t<svg aria-hidden=\"true\" class=\"e-font-icon-svg e-fas-bookmark\" viewbox=\"0 0 384 512\" xmlns=\"http:\/\/www.w3.org\/2000\/svg\"><path d=\"M0 512V48C0 21.49 21.49 0 48 0h288c26.51 0 48 21.49 48 48v464L192 400 0 512z\"><\/path><\/svg>\t\t\t\t\t\t<\/span>\n\t\t\t\t\t\t\t\t\t\t<span class=\"elementor-icon-list-text\">Unser Service<\/span>\n\t\t\t\t\t\t\t\t\t\t\t<\/a>\n\t\t\t\t\t\t\t\t\t<\/li>\n\t\t\t\t\t\t<\/ul>\n\t\t\t\t\t\t<\/div>\n\t\t\t\t<\/div>\n\t\t\t\t<\/div>\n\t\t\t\t<\/div>\n\t\t<div class=\"elementor-element elementor-element-387f108 e-con-full e-flex e-con e-child\" data-id=\"387f108\" data-element_type=\"container\">\n\t\t<div class=\"elementor-element elementor-element-c429da2 e-con-full e-flex e-con e-child\" data-id=\"c429da2\" data-element_type=\"container\">\n\t\t\t\t<div class=\"elementor-element elementor-element-ae8df76 elementor-widget elementor-widget-heading\" data-id=\"ae8df76\" data-element_type=\"widget\" data-widget_type=\"heading.default\">\n\t\t\t\t<div class=\"elementor-widget-container\">\n\t\t\t\t\t<h3 class=\"elementor-heading-title elementor-size-default\">Lernen Sie unser engagiertes Team kennen<\/h3>\t\t\t\t<\/div>\n\t\t\t\t<\/div>\n\t\t\t\t<div class=\"elementor-element elementor-element-7702ad9 elementor-widget elementor-widget-text-editor\" data-id=\"7702ad9\" data-element_type=\"widget\" data-widget_type=\"text-editor.default\">\n\t\t\t\t<div class=\"elementor-widget-container\">\n\t\t\t\t\t\t\t\t\t<p>Bei Sinodec liegt unsere St\u00e4rke in der Synergie unseres vielf\u00e4ltigen und talentierten Teams. Wir verpflichten uns zu Spitzenleistungen und bringen Fachleute mit unterschiedlichem Hintergrund zusammen, die durch eine Leidenschaft f\u00fcr Innovation und Kundenzufriedenheit vereint sind.<\/p>\t\t\t\t\t\t\t\t<\/div>\n\t\t\t\t<\/div>\n\t\t\t\t<\/div>\n\t\t<div class=\"elementor-element elementor-element-bbc1b7b e-con-full e-flex e-con e-child\" data-id=\"bbc1b7b\" data-element_type=\"container\">\n\t\t\t\t<div class=\"elementor-element elementor-element-45f1287 elementor-pagination-position-inside elementor-arrows-position-inside elementor-widget elementor-widget-image-carousel\" data-id=\"45f1287\" data-element_type=\"widget\" data-settings=\"{&quot;slides_to_show&quot;:&quot;2&quot;,&quot;navigation&quot;:&quot;both&quot;,&quot;autoplay&quot;:&quot;yes&quot;,&quot;pause_on_hover&quot;:&quot;yes&quot;,&quot;pause_on_interaction&quot;:&quot;yes&quot;,&quot;autoplay_speed&quot;:5000,&quot;infinite&quot;:&quot;yes&quot;,&quot;speed&quot;:500,&quot;image_spacing_custom&quot;:{&quot;unit&quot;:&quot;px&quot;,&quot;size&quot;:20,&quot;sizes&quot;:[]},&quot;image_spacing_custom_tablet&quot;:{&quot;unit&quot;:&quot;px&quot;,&quot;size&quot;:&quot;&quot;,&quot;sizes&quot;:[]},&quot;image_spacing_custom_mobile&quot;:{&quot;unit&quot;:&quot;px&quot;,&quot;size&quot;:&quot;&quot;,&quot;sizes&quot;:[]}}\" data-widget_type=\"image-carousel.default\">\n\t\t\t\t<div class=\"elementor-widget-container\">\n\t\t\t\t\t\t\t<div class=\"elementor-image-carousel-wrapper swiper\" role=\"region\" aria-roledescription=\"carousel\" aria-label=\"\u56fe\u50cf\u8f6e\u64ad\" dir=\"ltr\">\n\t\t\t<div class=\"elementor-image-carousel swiper-wrapper\" aria-live=\"off\">\n\t\t\t\t\t\t\t\t<div class=\"swiper-slide\" role=\"group\" aria-roledescription=\"slide\" aria-label=\"1 von 4\"><figure class=\"swiper-slide-inner\"><img decoding=\"async\" class=\"swiper-slide-image\" src=\"https:\/\/www.sinodec.com\/wp-content\/uploads\/2025\/10\/sinodec-usb-cable-factory-in-china.jpg\" alt=\"sinodec usb kabel fabrik in china\" \/><\/figure><\/div><div class=\"swiper-slide\" role=\"group\" aria-roledescription=\"slide\" aria-label=\"2 von 4\"><figure class=\"swiper-slide-inner\"><img decoding=\"async\" class=\"swiper-slide-image\" src=\"https:\/\/www.sinodec.com\/wp-content\/uploads\/2025\/10\/sinodec-tws-earphone.jpg\" alt=\"Sinodec Tws-Kopfh\u00f6rer\" \/><\/figure><\/div><div class=\"swiper-slide\" role=\"group\" aria-roledescription=\"slide\" aria-label=\"3 von 4\"><figure class=\"swiper-slide-inner\"><img decoding=\"async\" class=\"swiper-slide-image\" src=\"https:\/\/www.sinodec.com\/wp-content\/smush-webp\/2025\/10\/sinodec-usb-cable-and-charger.jpg.webp\" alt=\"sinodec usb kabel und ladeger\u00e4t\" \/><\/figure><\/div><div class=\"swiper-slide\" role=\"group\" aria-roledescription=\"slide\" aria-label=\"4 von 4\"><figure class=\"swiper-slide-inner\"><img decoding=\"async\" class=\"swiper-slide-image\" src=\"https:\/\/www.sinodec.com\/wp-content\/smush-webp\/2025\/10\/nylon-braided-usb-type-c-cable.jpg.webp\" alt=\"nylongeflochtenes usb typ c kabel\" \/><\/figure><\/div>\t\t\t<\/div>\n\t\t\t\t\t\t\t\t\t\t\t\t<div class=\"elementor-swiper-button elementor-swiper-button-prev\" role=\"button\" tabindex=\"0\">\n\t\t\t\t\t\t<svg aria-hidden=\"true\" class=\"e-font-icon-svg e-eicon-chevron-left\" viewbox=\"0 0 1000 1000\" xmlns=\"http:\/\/www.w3.org\/2000\/svg\"><path d=\"M646 125C629 125 613 133 604 142L308 442C296 454 292 471 292 487 292 504 296 521 308 533L604 854C617 867 629 875 646 875 663 875 679 871 692 858 704 846 713 829 713 812 713 796 708 779 692 767L438 487 692 225C700 217 708 204 708 187 708 171 704 154 692 142 675 129 663 125 646 125Z\"><\/path><\/svg>\t\t\t\t\t<\/div>\n\t\t\t\t\t<div class=\"elementor-swiper-button elementor-swiper-button-next\" role=\"button\" tabindex=\"0\">\n\t\t\t\t\t\t<svg aria-hidden=\"true\" class=\"e-font-icon-svg e-eicon-chevron-right\" viewbox=\"0 0 1000 1000\" xmlns=\"http:\/\/www.w3.org\/2000\/svg\"><path d=\"M696 533C708 521 713 504 713 487 713 471 708 454 696 446L400 146C388 133 375 125 354 125 338 125 325 129 313 142 300 154 292 171 292 187 292 204 296 221 308 233L563 492 304 771C292 783 288 800 288 817 288 833 296 850 308 863 321 871 338 875 354 875 371 875 388 867 400 854L696 533Z\"><\/path><\/svg>\t\t\t\t\t<\/div>\n\t\t\t\t\n\t\t\t\t\t\t\t\t\t<div class=\"swiper-pagination\"><\/div>\n\t\t\t\t\t\t\t\t\t<\/div>\n\t\t\t\t\t\t<\/div>\n\t\t\t\t<\/div>\n\t\t\t\t<\/div>\n\t\t\t\t<\/div>\n\t\t\t\t\t<\/div>\n\t\t\t\t<\/div>\n\t\t<div class=\"elementor-element elementor-element-0144d63 e-flex e-con-boxed e-con e-parent\" data-id=\"0144d63\" data-element_type=\"container\">\n\t\t\t\t\t<div class=\"e-con-inner\">\n\t\t\t\t<div class=\"elementor-element elementor-element-cb6e616 elementor-widget elementor-widget-heading\" data-id=\"cb6e616\" data-element_type=\"widget\" data-widget_type=\"heading.default\">\n\t\t\t\t<div class=\"elementor-widget-container\">\n\t\t\t\t\t<h2 class=\"elementor-heading-title elementor-size-default\">Unsere Werte<\/h2>\t\t\t\t<\/div>\n\t\t\t\t<\/div>\n\t\t<div class=\"elementor-element elementor-element-910fa6d e-grid e-con-full e-con e-child\" data-id=\"910fa6d\" data-element_type=\"container\">\n\t\t\t\t<div class=\"elementor-element elementor-element-e1c4f48 elementor-widget elementor-widget-image-box\" data-id=\"e1c4f48\" data-element_type=\"widget\" data-widget_type=\"image-box.default\">\n\t\t\t\t<div class=\"elementor-widget-container\">\n\t\t\t\t\t<div class=\"elementor-image-box-wrapper\"><div class=\"elementor-image-box-content\"><h3 class=\"elementor-image-box-title\">Produktionskapazit\u00e4t<\/h3><p class=\"elementor-image-box-description\">Mit 9 Produktionslinien und einer Tagesproduktion von 90.000 St\u00fcck USB-Kabeln pro Tag gew\u00e4hrleisten wir eine schnelle und qualitativ hochwertige Lieferung.<\/p><\/div><\/div>\t\t\t\t<\/div>\n\t\t\t\t<\/div>\n\t\t\t\t<div class=\"elementor-element elementor-element-8404563 elementor-widget elementor-widget-image-box\" data-id=\"8404563\" data-element_type=\"widget\" data-widget_type=\"image-box.default\">\n\t\t\t\t<div class=\"elementor-widget-container\">\n\t\t\t\t\t<div class=\"elementor-image-box-wrapper\"><div class=\"elementor-image-box-content\"><h3 class=\"elementor-image-box-title\">OEM&amp;ODM-Dienstleistung<\/h3><p class=\"elementor-image-box-description\">Wir konzentrieren uns auf die Kundenzufriedenheit, begr\u00fc\u00dfen die Zusammenarbeit bei der Produktion von OEM- und ODM-angepassten USB-Kabeln und bieten ma\u00dfgeschneiderte L\u00f6sungen nach Kundenwunsch.<\/p><\/div><\/div>\t\t\t\t<\/div>\n\t\t\t\t<\/div>\n\t\t\t\t<div class=\"elementor-element elementor-element-1161df7 elementor-widget elementor-widget-image-box\" data-id=\"1161df7\" data-element_type=\"widget\" data-widget_type=\"image-box.default\">\n\t\t\t\t<div class=\"elementor-widget-container\">\n\t\t\t\t\t<div class=\"elementor-image-box-wrapper\"><div class=\"elementor-image-box-content\"><h3 class=\"elementor-image-box-title\">Engagement f\u00fcr Spitzenleistungen<\/h3><p class=\"elementor-image-box-description\">Wir streben nach globaler F\u00fchrungsposition und verbessern kontinuierlich Technologie und Qualit\u00e4t f\u00fcr zuverl\u00e4ssige Spitzenprodukte.<\/p><\/div><\/div>\t\t\t\t<\/div>\n\t\t\t\t<\/div>\n\t\t\t\t<\/div>\n\t\t\t\t\t<\/div>\n\t\t\t\t<\/div>\n\t\t\t\t<\/div>","protected":false},"excerpt":{"rendered":"<p>Sinodec Industrial Co., Ltd. wurde 2003 gegr\u00fcndet und ist ein professioneller Hersteller und Exporteur von USB-Kabeln und USB-Ladeger\u00e4ten. Zu unseren Hauptprodukten geh\u00f6ren USB-Micro-B-Kabel, Lightning-USB-Kabel, Typ-C-Kabel, Ladeger\u00e4te, [\u2026]<\/p>","protected":false},"author":1,"featured_media":0,"parent":0,"menu_order":0,"comment_status":"closed","ping_status":"closed","template":"","meta":{"_acf_changed":false,"footnotes":""},"class_list":["post-44","page","type-page","status-publish","hentry"],"acf":[],"_links":{"self":[{"href":"https:\/\/www.sinodec.com\/de\/wp-json\/wp\/v2\/pages\/44","targetHints":{"allow":["GET"]}}],"collection":[{"href":"https:\/\/www.sinodec.com\/de\/wp-json\/wp\/v2\/pages"}],"about":[{"href":"https:\/\/www.sinodec.com\/de\/wp-json\/wp\/v2\/types\/page"}],"author":[{"embeddable":true,"href":"https:\/\/www.sinodec.com\/de\/wp-json\/wp\/v2\/users\/1"}],"replies":[{"embeddable":true,"href":"https:\/\/www.sinodec.com\/de\/wp-json\/wp\/v2\/comments?post=44"}],"version-history":[{"count":0,"href":"https:\/\/www.sinodec.com\/de\/wp-json\/wp\/v2\/pages\/44\/revisions"}],"wp:attachment":[{"href":"https:\/\/www.sinodec.com\/de\/wp-json\/wp\/v2\/media?parent=44"}],"curies":[{"name":"wp","href":"https:\/\/api.w.org\/{rel}","templated":true}]}}