{"id":3,"date":"2025-06-16T11:33:55","date_gmt":"2025-06-16T03:33:55","guid":{"rendered":"https:\/\/www.sinodec.com\/?page_id=3"},"modified":"2025-08-02T19:45:17","modified_gmt":"2025-08-02T11:45:17","slug":"privacy-policy","status":"publish","type":"page","link":"https:\/\/www.sinodec.com\/de\/privacy-policy\/","title":{"rendered":"Datenschutzrichtlinie"},"content":{"rendered":"<div data-elementor-type=\"wp-page\" data-elementor-id=\"3\" class=\"elementor elementor-3\" data-elementor-post-type=\"page\">\n\t\t\t\t<div class=\"elementor-element elementor-element-b5ef88f e-flex e-con-boxed e-con e-parent\" data-id=\"b5ef88f\" data-element_type=\"container\" data-settings=\"{&quot;background_background&quot;:&quot;classic&quot;}\">\n\t\t\t\t\t<div class=\"e-con-inner\">\n\t\t\t\t<div class=\"elementor-element elementor-element-a33ebf2 elementor-widget elementor-widget-shortcode\" data-id=\"a33ebf2\" data-element_type=\"widget\" data-widget_type=\"shortcode.default\">\n\t\t\t\t<div class=\"elementor-widget-container\">\n\t\t\t\t\t\t\t<div class=\"elementor-shortcode\">\t\t\t<!-- Flexy Breadcrumb -->\r\n\t\t\t<div class=\"fbc fbc-page\">\r\n\r\n\t\t\t\t<!-- Breadcrumb wrapper -->\r\n\t\t\t\t<div class=\"fbc-wrap\">\r\n\r\n\t\t\t\t\t<!-- Ordered list-->\r\n\t\t\t\t\t<ol class=\"fbc-items\" itemscope itemtype=\"https:\/\/schema.org\/BreadcrumbList\">\r\n\t\t\t\t\t\t            <li itemprop=\"itemListElement\" itemscope itemtype=\"https:\/\/schema.org\/ListItem\">\r\n                <span itemprop=\"name\">\r\n                    <!-- Home Link -->\r\n                    <a itemprop=\"item\" href=\"https:\/\/www.sinodec.com\/de\/\">\r\n                    \r\n                                                    <i class=\"fa fa-home\" aria-hidden=\"true\"><\/i>Heim                    <\/a>\r\n                <\/span>\r\n                <meta itemprop=\"position\" content=\"1\" \/><!-- Meta Position-->\r\n             <\/li><li><span class=\"fbc-separator\">\u00bb<\/span><\/li><li class=\"active\" itemprop=\"itemListElement\" itemscope itemtype=\"https:\/\/schema.org\/ListItem\"><span itemprop=\"name\" title=\"Datenschutzrichtlinie\">Datenschutzrichtlinie<\/span><meta itemprop=\"position\" content=\"2\" \/><\/li>\t\t\t\t\t<\/ol>\r\n\t\t\t\t\t<div class=\"clearfix\"><\/div>\r\n\t\t\t\t<\/div>\r\n\t\t\t<\/div>\r\n\t\t\t<\/div>\n\t\t\t\t\t\t<\/div>\n\t\t\t\t<\/div>\n\t\t\t\t\t<\/div>\n\t\t\t\t<\/div>\n\t\t<div class=\"elementor-element elementor-element-05a8f81 e-flex e-con-boxed e-con e-parent\" data-id=\"05a8f81\" data-element_type=\"container\">\n\t\t\t\t\t<div class=\"e-con-inner\">\n\t\t\t\t<div class=\"elementor-element elementor-element-15e3e76 elementor-widget elementor-widget-text-editor\" data-id=\"15e3e76\" data-element_type=\"widget\" data-widget_type=\"text-editor.default\">\n\t\t\t\t<div class=\"elementor-widget-container\">\n\t\t\t\t\t\t\t\t\t<p>Diese Datenschutzrichtlinie beschreibt, wie Ihre pers\u00f6nlichen Daten erfasst, verwendet und weitergegeben werden, wenn Sie uns besuchen oder bei uns einen Kauf t\u00e4tigen.<\/p>\n<p><strong><b>VON UNS ERFASSTE PERSONENBEZOGENE DATEN<\/b><\/strong><br \/>Wenn Sie die Website besuchen, erfassen wir automatisch bestimmte Informationen \u00fcber Ihr Ger\u00e4t, darunter Informationen \u00fcber Ihren Webbrowser, Ihre IP-Adresse, Ihre Zeitzone und einige der auf Ihrem Ger\u00e4t installierten Cookies. Dar\u00fcber hinaus erfassen wir beim Surfen auf der Website Informationen \u00fcber die einzelnen Webseiten oder Produkte, die Sie aufrufen, welche Websites oder Suchbegriffe Sie auf die Website verwiesen haben und wie Sie mit der Website interagieren. Diese automatisch erfassten Informationen bezeichnen wir als \u201eGer\u00e4teinformationen\u201c.<\/p>\n<p><strong><b>Ger\u00e4teinformationen, die wir sammeln<\/b><\/strong><br \/>\u2013 \u201eCookies\u201c sind Datendateien, die auf Ihrem Ger\u00e4t oder Computer abgelegt werden und oft eine anonyme, eindeutige Kennung enthalten. Weitere Informationen zu Cookies und zum Deaktivieren von Cookies finden Sie unter\u00a0<a href=\"https:\/\/link.zhihu.com\/?target=http:\/\/www.allaboutcookies.org\">http:\/\/www.allaboutcookies.org<\/a>.<br \/>\u2013 \u201eProtokolldateien\u201c verfolgen die auf der Site stattfindenden Aktionen und erfassen Daten wie Ihre IP-Adresse, den Browsertyp, den Internetdienstanbieter, Verweis-\/Ausstiegsseiten und Datums-\/Zeitstempel.<br \/>\u2013 \u201eWeb Beacons\u201c, \u201eTags\u201c und \u201ePixel\u201c sind elektronische Dateien, die zum Aufzeichnen von Informationen dar\u00fcber verwendet werden, wie Sie die Site durchsuchen.<\/p>\n<p>Wenn Sie \u00fcber die Site einen Kauf t\u00e4tigen oder versuchen, einen Kauf zu t\u00e4tigen, erfassen wir au\u00dferdem bestimmte Informationen von Ihnen, darunter Ihren Namen, Ihre Rechnungsadresse, Ihre Lieferadresse, Ihre Zahlungsinformationen (einschlie\u00dflich Kreditkartennummern), Ihre E-Mail-Adresse und Ihre Telefonnummer. Wir bezeichnen diese Informationen als \u201eBestellinformationen\u201c.<\/p>\n<p>Wenn wir in dieser Datenschutzrichtlinie von \u201epers\u00f6nlichen Informationen\u201c sprechen, meinen wir sowohl Ger\u00e4teinformationen als auch Bestellinformationen.<\/p>\n<p><strong><b>WIE VERWENDEN WIR IHRE PERS\u00d6NLICHEN DATEN?<\/b><\/strong><br \/>Wir verwenden die von uns erfassten Bestellinformationen im Allgemeinen zur Erf\u00fcllung aller \u00fcber die Website aufgegebenen Bestellungen (einschlie\u00dflich der Verarbeitung Ihrer Zahlungsinformationen, der Organisation des Versands und der Bereitstellung von Rechnungen und\/oder Auftragsbest\u00e4tigungen). Dar\u00fcber hinaus verwenden wir diese Bestellinformationen f\u00fcr:<br \/>\u2013 Mit Ihnen zu kommunizieren;<br \/>\u2013 \u00dcberpr\u00fcfen Sie unsere Bestellungen auf potenzielle Risiken oder Betrug;<br \/>\u2013 Wenn es mit den Pr\u00e4ferenzen \u00fcbereinstimmt, die Sie uns mitgeteilt haben, stellen wir Ihnen Informationen oder Werbung zu unseren Produkten oder Dienstleistungen zur Verf\u00fcgung.<\/p>\n<p>Wir verwenden die von uns gesammelten Ger\u00e4teinformationen, um potenzielle Risiken und Betrugsf\u00e4lle zu erkennen (insbesondere Ihre IP-Adresse) und ganz allgemein, um unsere Site zu verbessern und zu optimieren (z. B. durch die Erstellung von Analysen dar\u00fcber, wie unsere Kunden auf der Site surfen und mit ihr interagieren, und um den Erfolg unserer Marketing- und Werbekampagnen zu bewerten).<\/p>\n<p><strong><b>WEITERGABE IHRER PERS\u00d6NLICHEN DATEN<\/b><\/strong><br \/>Wir geben Ihre personenbezogenen Daten an Dritte weiter, die uns bei der Nutzung Ihrer personenbezogenen Daten wie oben beschrieben unterst\u00fctzen. Beispielsweise verwenden wir Woocommerce Soft f\u00fcr unseren Online-Shop.<br \/>Wir verwenden Google Analytics auch, um zu verstehen, wie unsere Kunden die Site nutzen. Weitere Informationen zur Verwendung Ihrer personenbezogenen Daten durch Google finden Sie hier:\u00a0<a href=\"https:\/\/link.zhihu.com\/?target=https:\/\/www.google.com\/intl\/en\/policies\/privacy\/\">https:\/\/www.google.com\/intl\/en\/policies\/privacy\/<\/a>Sie k\u00f6nnen Google Analytics auch hier deaktivieren:\u00a0<a href=\"https:\/\/link.zhihu.com\/?target=https:\/\/tools.google.com\/dlpage\/gaoptout\">https:\/\/tools.google.com\/dlpage\/gaoptout<\/a>.<\/p>\n<p>Schlie\u00dflich k\u00f6nnen wir Ihre personenbezogenen Daten auch weitergeben, um geltende Gesetze und Vorschriften einzuhalten, auf eine Vorladung, einen Durchsuchungsbefehl oder eine andere rechtm\u00e4\u00dfige Anfrage nach Informationen, die wir erhalten, zu reagieren oder um unsere Rechte anderweitig zu sch\u00fctzen.<\/p>\n<p><strong><b>VERHALTENSBASIERTE WERBUNG<\/b><\/strong><br \/>Wie oben beschrieben, verwenden wir Ihre personenbezogenen Daten, um Ihnen gezielte Werbung oder Marketingmitteilungen zukommen zu lassen, von denen wir glauben, dass sie f\u00fcr Sie von Interesse sein k\u00f6nnten. Weitere Informationen zur Funktionsweise gezielter Werbung finden Sie auf der Informationsseite der Network Advertising Initiative (\u201eNAI\u201c) unter\u00a0<a href=\"https:\/\/link.zhihu.com\/?target=http:\/\/www.networkadvertising.org\/understanding-online-advertising\/how-does-it-work\">http:\/\/www.networkadvertising.org\/understanding-online-advertising\/how-does-it-work<\/a>.<\/p>\n<p>Sie k\u00f6nnen gezielte Werbung \u00fcber die folgenden Links deaktivieren:<br \/>\u2013 Facebook:\u00a0<a href=\"https:\/\/link.zhihu.com\/?target=https:\/\/www.facebook.com\/settings\/?tab=ads\">https:\/\/www.facebook.com\/settings\/?tab=ads<\/a><br \/>\u2013 Google:\u00a0<a href=\"https:\/\/link.zhihu.com\/?target=https:\/\/www.google.com\/settings\/ads\/anonymous\">https:\/\/www.google.com\/settings\/ads\/anonymous<\/a><br \/>\u2013 Bing:\u00a0<a href=\"https:\/\/link.zhihu.com\/?target=https:\/\/advertise.bingads.microsoft.com\/en-us\/resources\/policies\/personalized-ads\">https:\/\/advertise.bingads.microsoft.com\/en-us\/resources\/policies\/personalized-ads<\/a><br \/>Dar\u00fcber hinaus k\u00f6nnen Sie sich von einigen dieser Dienste abmelden, indem Sie das Abmeldeportal der Digital Advertising Alliance unter folgender Adresse besuchen:\u00a0<a href=\"https:\/\/link.zhihu.com\/?target=http:\/\/optout.aboutads.info\/\">http:\/\/optout.aboutads.info\/<\/a>.<\/p>\n<p><strong><b>NICHT VERFOLGEN<\/b><\/strong><br \/>Bitte beachten Sie, dass wir die Datenerfassungs- und -nutzungspraktiken unserer Site nicht \u00e4ndern, wenn wir ein \u201eDo Not Track\u201c-Signal von Ihrem Browser sehen.<\/p>\n<p><strong><b>IHRE RECHTE<\/b><\/strong><br \/>Wenn Sie in Europa ans\u00e4ssig sind, haben Sie das Recht, auf Ihre personenbezogenen Daten zuzugreifen und deren Korrektur, Aktualisierung oder L\u00f6schung zu verlangen. Wenn Sie dieses Recht aus\u00fcben m\u00f6chten, kontaktieren Sie uns bitte \u00fcber die unten stehenden Kontaktinformationen.<\/p>\n<p>Wenn Sie in Europa ans\u00e4ssig sind, weisen wir Sie au\u00dferdem darauf hin, dass wir Ihre Daten verarbeiten, um Vertr\u00e4ge mit Ihnen zu erf\u00fcllen (z. B. wenn Sie \u00fcber die Website eine Bestellung aufgeben) oder um unsere oben genannten berechtigten Gesch\u00e4ftsinteressen zu verfolgen. Bitte beachten Sie au\u00dferdem, dass Ihre Daten au\u00dferhalb Europas, unter anderem nach Kanada und in die USA, \u00fcbertragen werden.<\/p>\n<p><strong><b>DATENSPEICHERUNG<\/b><\/strong><br \/>Wenn Sie \u00fcber die Site eine Bestellung aufgeben, bewahren wir Ihre Bestellinformationen f\u00fcr unsere Unterlagen auf, es sei denn, Sie fordern uns auf, diese Informationen zu l\u00f6schen.<\/p>\n<p><strong><b>\u00c4NDERUNGEN<\/b><\/strong><br \/>Wir k\u00f6nnen diese Datenschutzrichtlinie von Zeit zu Zeit aktualisieren, um beispielsweise \u00c4nderungen unserer Praktiken oder aus anderen betrieblichen, rechtlichen oder regulatorischen Gr\u00fcnden Rechnung zu tragen.<\/p>\n<p><strong><b>MINDERJ\u00c4HRIGE<\/b><\/strong><br \/>Die Site ist nicht f\u00fcr Personen unter 13 Jahren bestimmt.<\/p>\n<p><strong><b>KONTAKTIEREN SIE UNS<\/b><\/strong><br \/>Wenn Sie weitere Informationen zu unseren Datenschutzpraktiken w\u00fcnschen, Fragen haben oder eine Beschwerde einreichen m\u00f6chten, kontaktieren Sie uns bitte unter den unten angegebenen Kontaktdaten:<\/p>\n<p>Firmenname: Au\u00dfenhandelsunternehmen<\/p>\n<p>Firmen-E-Mail:<a href=\"mailto:service@domain.com\">service@domain.com<\/a><strong><b><br \/><\/b><\/strong>Firmenadresse: A12-1002, Lushang Center, Bezirk Lanshan, Stadt Linyi, Provinz Shandong<\/p>\t\t\t\t\t\t\t\t<\/div>\n\t\t\t\t<\/div>\n\t\t\t\t\t<\/div>\n\t\t\t\t<\/div>\n\t\t\t\t<\/div>","protected":false},"excerpt":{"rendered":"<p>Diese Datenschutzrichtlinie beschreibt, wie Ihre pers\u00f6nlichen Daten erfasst, verwendet und weitergegeben werden, wenn Sie uns besuchen oder bei uns einen Kauf t\u00e4tigen. VON UNS ERFASSTE PERSONENBEZOGENE DATENWenn Sie die Site besuchen, erfassen wir automatisch bestimmte Informationen \u00fcber Ihr Ger\u00e4t, einschlie\u00dflich Informationen \u00fcber Ihren Webbrowser, Ihre IP-Adresse, Ihre Zeitzone und einige der Cookies, die [\u2026]<\/p>","protected":false},"author":1,"featured_media":0,"parent":0,"menu_order":0,"comment_status":"closed","ping_status":"open","template":"","meta":{"_acf_changed":false,"footnotes":""},"class_list":["post-3","page","type-page","status-publish","hentry"],"acf":[],"_links":{"self":[{"href":"https:\/\/www.sinodec.com\/de\/wp-json\/wp\/v2\/pages\/3","targetHints":{"allow":["GET"]}}],"collection":[{"href":"https:\/\/www.sinodec.com\/de\/wp-json\/wp\/v2\/pages"}],"about":[{"href":"https:\/\/www.sinodec.com\/de\/wp-json\/wp\/v2\/types\/page"}],"author":[{"embeddable":true,"href":"https:\/\/www.sinodec.com\/de\/wp-json\/wp\/v2\/users\/1"}],"replies":[{"embeddable":true,"href":"https:\/\/www.sinodec.com\/de\/wp-json\/wp\/v2\/comments?post=3"}],"version-history":[{"count":0,"href":"https:\/\/www.sinodec.com\/de\/wp-json\/wp\/v2\/pages\/3\/revisions"}],"wp:attachment":[{"href":"https:\/\/www.sinodec.com\/de\/wp-json\/wp\/v2\/media?parent=3"}],"curies":[{"name":"wp","href":"https:\/\/api.w.org\/{rel}","templated":true}]}}