{"id":149,"date":"2025-06-18T11:33:30","date_gmt":"2025-06-18T03:33:30","guid":{"rendered":"https:\/\/www.sinodec.com\/?page_id=149"},"modified":"2025-10-20T22:58:10","modified_gmt":"2025-10-20T14:58:10","slug":"our-certificate","status":"publish","type":"page","link":"https:\/\/www.sinodec.com\/de\/our-certificate\/","title":{"rendered":"Zertifikat"},"content":{"rendered":"<div data-elementor-type=\"wp-page\" data-elementor-id=\"149\" class=\"elementor elementor-149\" data-elementor-post-type=\"page\">\n\t\t\t\t<div class=\"elementor-element elementor-element-4eadd2c e-flex e-con-boxed e-con e-parent\" data-id=\"4eadd2c\" data-element_type=\"container\" data-settings=\"{&quot;background_background&quot;:&quot;classic&quot;}\">\n\t\t\t\t\t<div class=\"e-con-inner\">\n\t\t\t\t<div class=\"elementor-element elementor-element-e8d2d89 elementor-widget elementor-widget-heading\" data-id=\"e8d2d89\" data-element_type=\"widget\" data-widget_type=\"heading.default\">\n\t\t\t\t<div class=\"elementor-widget-container\">\n\t\t\t\t\t<h2 class=\"elementor-heading-title elementor-size-default\">Zertifikat<\/h2>\t\t\t\t<\/div>\n\t\t\t\t<\/div>\n\t\t\t\t<div class=\"elementor-element elementor-element-22ae306 elementor-widget__width-initial elementor-widget elementor-widget-text-editor\" data-id=\"22ae306\" data-element_type=\"widget\" data-widget_type=\"text-editor.default\">\n\t\t\t\t<div class=\"elementor-widget-container\">\n\t\t\t\t\t\t\t\t\t<p>Mit \u00fcber 20 Jahren Markterfahrung und Kunden in mehr als 20 L\u00e4ndern werden unsere USB-Kabel und -Ladeger\u00e4te h\u00e4ufig in den Bereichen Audio, Video, Wearables und Medizintechnik eingesetzt. Wir bieten in fast allen Bereichen einen kundenspezifischen OEM- und ODM-Service.  Sinodec ist in mehr als 20 L\u00e4ndern als Handelsmarke eingetragen. Mit unserer umfangreichen Erfahrung und unseren starken F\u00e4higkeiten sind wir zuversichtlich, Ihr n\u00e4chster idealer Lieferant zu werden.<\/p>\t\t\t\t\t\t\t\t<\/div>\n\t\t\t\t<\/div>\n\t\t\t\t<div class=\"elementor-element elementor-element-ae55a72 elementor-widget elementor-widget-shortcode\" data-id=\"ae55a72\" data-element_type=\"widget\" data-widget_type=\"shortcode.default\">\n\t\t\t\t<div class=\"elementor-widget-container\">\n\t\t\t\t\t\t\t<div class=\"elementor-shortcode\">\t\t\t<!-- Flexy Breadcrumb -->\r\n\t\t\t<div class=\"fbc fbc-page\">\r\n\r\n\t\t\t\t<!-- Breadcrumb wrapper -->\r\n\t\t\t\t<div class=\"fbc-wrap\">\r\n\r\n\t\t\t\t\t<!-- Ordered list-->\r\n\t\t\t\t\t<ol class=\"fbc-items\" itemscope itemtype=\"https:\/\/schema.org\/BreadcrumbList\">\r\n\t\t\t\t\t\t            <li itemprop=\"itemListElement\" itemscope itemtype=\"https:\/\/schema.org\/ListItem\">\r\n                <span itemprop=\"name\">\r\n                    <!-- Home Link -->\r\n                    <a itemprop=\"item\" href=\"https:\/\/www.sinodec.com\/de\/\">\r\n                    \r\n                                                    <i class=\"fa fa-home\" aria-hidden=\"true\"><\/i>Heim                    <\/a>\r\n                <\/span>\r\n                <meta itemprop=\"position\" content=\"1\" \/><!-- Meta Position-->\r\n             <\/li><li><span class=\"fbc-separator\">\u00bb<\/span><\/li><li class=\"active\" itemprop=\"itemListElement\" itemscope itemtype=\"https:\/\/schema.org\/ListItem\"><span itemprop=\"name\" title=\"Zertifikat\">Zertifikat<\/span><meta itemprop=\"position\" content=\"2\" \/><\/li>\t\t\t\t\t<\/ol>\r\n\t\t\t\t\t<div class=\"clearfix\"><\/div>\r\n\t\t\t\t<\/div>\r\n\t\t\t<\/div>\r\n\t\t\t<\/div>\n\t\t\t\t\t\t<\/div>\n\t\t\t\t<\/div>\n\t\t\t\t\t<\/div>\n\t\t\t\t<\/div>\n\t\t<div class=\"elementor-element elementor-element-00e5db9 elementor-hidden-desktop elementor-hidden-tablet elementor-hidden-mobile e-flex e-con-boxed e-con e-parent\" data-id=\"00e5db9\" data-element_type=\"container\">\n\t\t\t\t\t<div class=\"e-con-inner\">\n\t\t\t\t<div class=\"elementor-element elementor-element-a901c7e elementor-widget elementor-widget-heading\" data-id=\"a901c7e\" data-element_type=\"widget\" data-widget_type=\"heading.default\">\n\t\t\t\t<div class=\"elementor-widget-container\">\n\t\t\t\t\t<h3 class=\"elementor-heading-title elementor-size-default\">Alle Marken<\/h3>\t\t\t\t<\/div>\n\t\t\t\t<\/div>\n\t\t<div class=\"elementor-element elementor-element-9f3092e e-con-full e-flex e-con e-child\" data-id=\"9f3092e\" data-element_type=\"container\">\n\t\t<div class=\"elementor-element elementor-element-1cf4d07 e-con-full e-flex e-con e-child\" data-id=\"1cf4d07\" data-element_type=\"container\">\n\t\t\t\t<div class=\"elementor-element elementor-element-0187c76 elementor-position-top elementor-widget elementor-widget-image-box\" data-id=\"0187c76\" data-element_type=\"widget\" data-widget_type=\"image-box.default\">\n\t\t\t\t<div class=\"elementor-widget-container\">\n\t\t\t\t\t<div class=\"elementor-image-box-wrapper\"><figure class=\"elementor-image-box-img\"><img fetchpriority=\"high\" decoding=\"async\" width=\"400\" height=\"145\" src=\"https:\/\/www.sinodec.com\/wp-content\/uploads\/2025\/06\/EJET\u00ae.webp\" class=\"attachment-full size-full wp-image-370\" alt=\"Zertifikat - Sinodec Industrial Co, Ltd.\" srcset=\"https:\/\/www.sinodec.com\/wp-content\/uploads\/2025\/06\/EJET\u00ae.webp 400w, https:\/\/www.sinodec.com\/wp-content\/uploads\/2025\/06\/EJET\u00ae-300x109.webp 300w\" sizes=\"(max-width: 400px) 100vw, 400px\" \/><\/figure><div class=\"elementor-image-box-content\"><h3 class=\"elementor-image-box-title\">EJET\u00ae<\/h3><p class=\"elementor-image-box-description\">EJET\u00ae bietet eine vielf\u00e4ltige Palette selbstklebender Vinylprodukte und ist eine f\u00fchrende Marke in Afrika mit Top-Distributoren, die auch Fenster- und Kaltlaminierfolien anbietet.<\/p><\/div><\/div>\t\t\t\t<\/div>\n\t\t\t\t<\/div>\n\t\t\t\t<\/div>\n\t\t<div class=\"elementor-element elementor-element-a3067a3 e-con-full e-flex e-con e-child\" data-id=\"a3067a3\" data-element_type=\"container\">\n\t\t\t\t<div class=\"elementor-element elementor-element-72b7e87 elementor-position-top elementor-widget elementor-widget-image-box\" data-id=\"72b7e87\" data-element_type=\"widget\" data-widget_type=\"image-box.default\">\n\t\t\t\t<div class=\"elementor-widget-container\">\n\t\t\t\t\t<div class=\"elementor-image-box-wrapper\"><figure class=\"elementor-image-box-img\"><img decoding=\"async\" width=\"400\" height=\"145\" src=\"https:\/\/www.sinodec.com\/wp-content\/uploads\/2025\/06\/olfa\u00ae01.webp\" class=\"attachment-full size-full wp-image-369\" alt=\"Zertifikat - Sinodec Industrial Co, Ltd.\" srcset=\"https:\/\/www.sinodec.com\/wp-content\/uploads\/2025\/06\/olfa\u00ae01.webp 400w, https:\/\/www.sinodec.com\/wp-content\/uploads\/2025\/06\/olfa\u00ae01-300x109.webp 300w\" sizes=\"(max-width: 400px) 100vw, 400px\" \/><\/figure><div class=\"elementor-image-box-content\"><h3 class=\"elementor-image-box-title\">olfa\u00ae<\/h3><p class=\"elementor-image-box-description\">OLFA\u00ae bietet hochwertiges selbstklebendes Vinyl zu wettbewerbsf\u00e4higen Preisen und genie\u00dft durch Partnerschaften mit gro\u00dfen lokalen Vertriebsh\u00e4ndlern in Afrika gro\u00dfe Anerkennung.<\/p><\/div><\/div>\t\t\t\t<\/div>\n\t\t\t\t<\/div>\n\t\t\t\t<\/div>\n\t\t<div class=\"elementor-element elementor-element-6e1e594 e-con-full e-flex e-con e-child\" data-id=\"6e1e594\" data-element_type=\"container\">\n\t\t\t\t<div class=\"elementor-element elementor-element-bb2b4c1 elementor-position-top elementor-widget elementor-widget-image-box\" data-id=\"bb2b4c1\" data-element_type=\"widget\" data-widget_type=\"image-box.default\">\n\t\t\t\t<div class=\"elementor-widget-container\">\n\t\t\t\t\t<div class=\"elementor-image-box-wrapper\"><figure class=\"elementor-image-box-img\"><img decoding=\"async\" width=\"400\" height=\"145\" src=\"https:\/\/www.sinodec.com\/wp-content\/uploads\/2025\/06\/nio\u00ae.webp\" class=\"attachment-full size-full wp-image-368\" alt=\"Zertifikat - Sinodec Industrial Co, Ltd.\" srcset=\"https:\/\/www.sinodec.com\/wp-content\/uploads\/2025\/06\/nio\u00ae.webp 400w, https:\/\/www.sinodec.com\/wp-content\/uploads\/2025\/06\/nio\u00ae-300x109.webp 300w\" sizes=\"(max-width: 400px) 100vw, 400px\" \/><\/figure><div class=\"elementor-image-box-content\"><h3 class=\"elementor-image-box-title\">nio\u00ae<\/h3><p class=\"elementor-image-box-description\">Als Premiummarke ist das selbstklebende Vinyl von NIO teurer als EJET und OLFA und bietet Kunden langlebigere und zuverl\u00e4ssigere L\u00f6sungen mit au\u00dfergew\u00f6hnlicher Qualit\u00e4t und Leistung.<\/p><\/div><\/div>\t\t\t\t<\/div>\n\t\t\t\t<\/div>\n\t\t\t\t<\/div>\n\t\t<div class=\"elementor-element elementor-element-a93d987 e-con-full e-flex e-con e-child\" data-id=\"a93d987\" data-element_type=\"container\">\n\t\t\t\t<div class=\"elementor-element elementor-element-f479058 elementor-position-top elementor-widget elementor-widget-image-box\" data-id=\"f479058\" data-element_type=\"widget\" data-widget_type=\"image-box.default\">\n\t\t\t\t<div class=\"elementor-widget-container\">\n\t\t\t\t\t<div class=\"elementor-image-box-wrapper\"><figure class=\"elementor-image-box-img\"><img loading=\"lazy\" decoding=\"async\" width=\"400\" height=\"145\" src=\"https:\/\/www.sinodec.com\/wp-content\/uploads\/2025\/06\/ad-vinyl\u00ae.webp\" class=\"attachment-full size-full wp-image-367\" alt=\"Zertifikat - Sinodec Industrial Co, Ltd.\" srcset=\"https:\/\/www.sinodec.com\/wp-content\/uploads\/2025\/06\/ad-vinyl\u00ae.webp 400w, https:\/\/www.sinodec.com\/wp-content\/uploads\/2025\/06\/ad-vinyl\u00ae-300x109.webp 300w\" sizes=\"(max-width: 400px) 100vw, 400px\" \/><\/figure><div class=\"elementor-image-box-content\"><h3 class=\"elementor-image-box-title\">ad-vinyl\u00ae<\/h3><p class=\"elementor-image-box-description\">Spezielle selbstklebende Vinylprodukte, wie feuerfestes und gefrierschrankspezifisches Vinyl.<\/p><\/div><\/div>\t\t\t\t<\/div>\n\t\t\t\t<\/div>\n\t\t\t\t<\/div>\n\t\t<div class=\"elementor-element elementor-element-03e8a67 e-con-full e-flex e-con e-child\" data-id=\"03e8a67\" data-element_type=\"container\">\n\t\t\t\t<div class=\"elementor-element elementor-element-50f8657 elementor-position-top elementor-widget elementor-widget-image-box\" data-id=\"50f8657\" data-element_type=\"widget\" data-widget_type=\"image-box.default\">\n\t\t\t\t<div class=\"elementor-widget-container\">\n\t\t\t\t\t<div class=\"elementor-image-box-wrapper\"><figure class=\"elementor-image-box-img\"><img loading=\"lazy\" decoding=\"async\" width=\"400\" height=\"145\" src=\"https:\/\/www.sinodec.com\/wp-content\/uploads\/2025\/06\/V-mark\u00ae.webp\" class=\"attachment-full size-full wp-image-366\" alt=\"Zertifikat - Sinodec Industrial Co, Ltd.\" srcset=\"https:\/\/www.sinodec.com\/wp-content\/uploads\/2025\/06\/V-mark\u00ae.webp 400w, https:\/\/www.sinodec.com\/wp-content\/uploads\/2025\/06\/V-mark\u00ae-300x109.webp 300w\" sizes=\"(max-width: 400px) 100vw, 400px\" \/><\/figure><div class=\"elementor-image-box-content\"><h3 class=\"elementor-image-box-title\">V-mark\u00ae<\/h3><p class=\"elementor-image-box-description\">V-mark\u00ae ist auf Color Cutting Vinyl spezialisiert und bietet langlebige Optionen mit einer Lebensdauer von 1 bis 5 Jahren und 63 leuchtenden Farboptionen.<\/p><\/div><\/div>\t\t\t\t<\/div>\n\t\t\t\t<\/div>\n\t\t\t\t<\/div>\n\t\t<div class=\"elementor-element elementor-element-ae9ecd4 e-con-full e-flex e-con e-child\" data-id=\"ae9ecd4\" data-element_type=\"container\">\n\t\t\t\t<div class=\"elementor-element elementor-element-9e373e1 elementor-position-top elementor-widget elementor-widget-image-box\" data-id=\"9e373e1\" data-element_type=\"widget\" data-widget_type=\"image-box.default\">\n\t\t\t\t<div class=\"elementor-widget-container\">\n\t\t\t\t\t<div class=\"elementor-image-box-wrapper\"><figure class=\"elementor-image-box-img\"><img loading=\"lazy\" decoding=\"async\" width=\"400\" height=\"145\" src=\"https:\/\/www.sinodec.com\/wp-content\/uploads\/2025\/06\/TOME\u00ae.webp\" class=\"attachment-full size-full wp-image-365\" alt=\"Zertifikat - Sinodec Industrial Co, Ltd.\" srcset=\"https:\/\/www.sinodec.com\/wp-content\/uploads\/2025\/06\/TOME\u00ae.webp 400w, https:\/\/www.sinodec.com\/wp-content\/uploads\/2025\/06\/TOME\u00ae-300x109.webp 300w\" sizes=\"(max-width: 400px) 100vw, 400px\" \/><\/figure><div class=\"elementor-image-box-content\"><h3 class=\"elementor-image-box-title\">TOME\u00ae<\/h3><p class=\"elementor-image-box-description\">TOME\u00ae bietet eine vielf\u00e4ltige Produktpalette, darunter Flex-Banner, Ultra Clear-\/Boden-\/PET-\/Static-\/PET-Laminierungs-\/Kaltlaminierungsfolien, Tapeten und One Way Vision.<\/p><\/div><\/div>\t\t\t\t<\/div>\n\t\t\t\t<\/div>\n\t\t\t\t<\/div>\n\t\t\t\t<\/div>\n\t\t\t\t\t<\/div>\n\t\t\t\t<\/div>\n\t\t<div class=\"elementor-element elementor-element-b1ac2e7 e-flex e-con-boxed e-con e-parent\" data-id=\"b1ac2e7\" data-element_type=\"container\">\n\t\t\t\t\t<div class=\"e-con-inner\">\n\t\t\t\t<div class=\"elementor-element elementor-element-82d5e69 elementor-widget elementor-widget-heading\" data-id=\"82d5e69\" data-element_type=\"widget\" data-widget_type=\"heading.default\">\n\t\t\t\t<div class=\"elementor-widget-container\">\n\t\t\t\t\t<h3 class=\"elementor-heading-title elementor-size-default\">Bescheinigungen<\/h3>\t\t\t\t<\/div>\n\t\t\t\t<\/div>\n\t\t<div class=\"elementor-element elementor-element-4430f78 e-grid e-con-full e-con e-child\" data-id=\"4430f78\" data-element_type=\"container\">\n\t\t\t\t<div class=\"elementor-element elementor-element-54fc27f elementor-position-top elementor-widget elementor-widget-image-box\" data-id=\"54fc27f\" data-element_type=\"widget\" data-widget_type=\"image-box.default\">\n\t\t\t\t<div class=\"elementor-widget-container\">\n\t\t\t\t\t<div class=\"elementor-image-box-wrapper\"><figure class=\"elementor-image-box-img\"><img loading=\"lazy\" decoding=\"async\" width=\"1024\" height=\"512\" src=\"https:\/\/www.sinodec.com\/wp-content\/smush-webp\/2025\/10\/ROHS-PB.jpg.webp\" class=\"attachment-full size-full wp-image-3067\" alt=\"Zertifikat - Sinodec Industrial Co, Ltd.\" srcset=\"https:\/\/www.sinodec.com\/wp-content\/smush-webp\/2025\/10\/ROHS-PB.jpg.webp 1024w, https:\/\/www.sinodec.com\/wp-content\/smush-webp\/2025\/10\/ROHS-PB-300x150.jpg.webp 300w, https:\/\/www.sinodec.com\/wp-content\/smush-webp\/2025\/10\/ROHS-PB-768x384.jpg.webp 768w, https:\/\/www.sinodec.com\/wp-content\/uploads\/2025\/10\/ROHS-PB-18x9.jpg 18w\" sizes=\"(max-width: 1024px) 100vw, 1024px\" \/><\/figure><div class=\"elementor-image-box-content\"><h3 class=\"elementor-image-box-title\">Fokus auf Innovation zur Erf\u00fcllung vielf\u00e4ltiger Bed\u00fcrfnisse<\/h3><p class=\"elementor-image-box-description\">Im Bereich des Werbemitteldrucks bleiben wir den Markttrends immer einen Schritt voraus und ber\u00fccksichtigen Kundenanforderungen, um kontinuierlich vielf\u00e4ltige selbstklebende Vinylprodukte zu entwickeln. Unser Ziel ist es, durch Innovation und h\u00f6chste Qualit\u00e4t die besten Werbemittell\u00f6sungen anzubieten.<\/p><\/div><\/div>\t\t\t\t<\/div>\n\t\t\t\t<\/div>\n\t\t\t\t<div class=\"elementor-element elementor-element-fef5f45 elementor-position-top elementor-widget elementor-widget-image-box\" data-id=\"fef5f45\" data-element_type=\"widget\" data-widget_type=\"image-box.default\">\n\t\t\t\t<div class=\"elementor-widget-container\">\n\t\t\t\t\t<div class=\"elementor-image-box-wrapper\"><figure class=\"elementor-image-box-img\"><img loading=\"lazy\" decoding=\"async\" width=\"1024\" height=\"512\" src=\"https:\/\/www.sinodec.com\/wp-content\/smush-webp\/2025\/10\/Certificate-sinodec-PB1.png.webp\" class=\"attachment-full size-full wp-image-3066\" alt=\"Zertifikat - Sinodec Industrial Co, Ltd.\" srcset=\"https:\/\/www.sinodec.com\/wp-content\/smush-webp\/2025\/10\/Certificate-sinodec-PB1.png.webp 1024w, https:\/\/www.sinodec.com\/wp-content\/smush-webp\/2025\/10\/Certificate-sinodec-PB1-300x150.png.webp 300w, https:\/\/www.sinodec.com\/wp-content\/smush-webp\/2025\/10\/Certificate-sinodec-PB1-768x384.png.webp 768w, https:\/\/www.sinodec.com\/wp-content\/smush-webp\/2025\/10\/Certificate-sinodec-PB1-18x9.png.webp 18w\" sizes=\"(max-width: 1024px) 100vw, 1024px\" \/><\/figure><div class=\"elementor-image-box-content\"><h3 class=\"elementor-image-box-title\">Vielseitige Produkte, breite Anwendungsm\u00f6glichkeiten<\/h3><p class=\"elementor-image-box-description\">Wir bieten ein umfassendes Sortiment an selbstklebenden Vinylmaterialien f\u00fcr verschiedene Werbeszenarien. Ob im Innen- oder Au\u00dfenbereich, unsere Produkte erf\u00fcllen die unterschiedlichsten Kundenbed\u00fcrfnisse. <\/p><\/div><\/div>\t\t\t\t<\/div>\n\t\t\t\t<\/div>\n\t\t\t\t<div class=\"elementor-element elementor-element-2f91cbd elementor-position-top elementor-widget elementor-widget-image-box\" data-id=\"2f91cbd\" data-element_type=\"widget\" data-widget_type=\"image-box.default\">\n\t\t\t\t<div class=\"elementor-widget-container\">\n\t\t\t\t\t<div class=\"elementor-image-box-wrapper\"><figure class=\"elementor-image-box-img\"><img loading=\"lazy\" decoding=\"async\" width=\"768\" height=\"365\" src=\"https:\/\/www.sinodec.com\/wp-content\/smush-webp\/2025\/10\/\u8ba4\u8bc1-768x365.png.webp\" class=\"attachment-medium_large size-medium_large wp-image-3069\" alt=\"Zertifikat - Sinodec Industrial Co, Ltd.\" srcset=\"https:\/\/www.sinodec.com\/wp-content\/smush-webp\/2025\/10\/\u8ba4\u8bc1-768x365.png.webp 768w, https:\/\/www.sinodec.com\/wp-content\/smush-webp\/2025\/10\/\u8ba4\u8bc1-300x143.png.webp 300w, https:\/\/www.sinodec.com\/wp-content\/smush-webp\/2025\/10\/\u8ba4\u8bc1-18x9.png.webp 18w, https:\/\/www.sinodec.com\/wp-content\/smush-webp\/2025\/10\/\u8ba4\u8bc1.png.webp 933w\" sizes=\"(max-width: 768px) 100vw, 768px\" \/><\/figure><div class=\"elementor-image-box-content\"><h3 class=\"elementor-image-box-title\">Kundenorientierte Exzellenz<\/h3><p class=\"elementor-image-box-description\">Wir legen Wert auf die Bed\u00fcrfnisse jedes Kunden und bieten personalisierte L\u00f6sungen und professionellen Support, um sicherzustellen, dass jede Zusammenarbeit eine angenehme und zufriedenstellende Erfahrung ist. <\/p><\/div><\/div>\t\t\t\t<\/div>\n\t\t\t\t<\/div>\n\t\t\t\t<div class=\"elementor-element elementor-element-1aa0fb6 elementor-position-top elementor-widget elementor-widget-image-box\" data-id=\"1aa0fb6\" data-element_type=\"widget\" data-widget_type=\"image-box.default\">\n\t\t\t\t<div class=\"elementor-widget-container\">\n\t\t\t\t\t<div class=\"elementor-image-box-wrapper\"><figure class=\"elementor-image-box-img\"><img loading=\"lazy\" decoding=\"async\" width=\"300\" height=\"300\" src=\"https:\/\/www.sinodec.com\/wp-content\/smush-webp\/2025\/10\/ISO-PB-300x300.jpg.webp\" class=\"attachment-medium size-medium wp-image-3068\" alt=\"Zertifikat - Sinodec Industrial Co, Ltd.\" srcset=\"https:\/\/www.sinodec.com\/wp-content\/smush-webp\/2025\/10\/ISO-PB-300x300.jpg.webp 300w, https:\/\/www.sinodec.com\/wp-content\/uploads\/2025\/10\/ISO-PB-150x150.jpg 150w, https:\/\/www.sinodec.com\/wp-content\/uploads\/2025\/10\/ISO-PB-12x12.jpg 12w, https:\/\/www.sinodec.com\/wp-content\/smush-webp\/2025\/10\/ISO-PB.jpg.webp 512w\" sizes=\"(max-width: 300px) 100vw, 300px\" \/><\/figure><div class=\"elementor-image-box-content\"><h3 class=\"elementor-image-box-title\">Seelenfrieden garantiert<\/h3><p class=\"elementor-image-box-description\">Sollten w\u00e4hrend des Transports oder der Verwendung Probleme auftreten, versprechen wir eine 100%-Garantie mit voller R\u00fcckerstattung, um sicherzustellen, dass Ihre Rechte vollst\u00e4ndig gesch\u00fctzt sind.<\/p><\/div><\/div>\t\t\t\t<\/div>\n\t\t\t\t<\/div>\n\t\t\t\t<\/div>\n\t\t\t\t\t<\/div>\n\t\t\t\t<\/div>\n\t\t<div class=\"elementor-element elementor-element-1409267 e-grid e-con-boxed e-con e-parent\" data-id=\"1409267\" data-element_type=\"container\">\n\t\t\t\t\t<div class=\"e-con-inner\">\n\t\t\t\t\t<\/div>\n\t\t\t\t<\/div>\n\t\t<div class=\"elementor-element elementor-element-0492b2d e-flex e-con-boxed e-con e-parent\" data-id=\"0492b2d\" data-element_type=\"container\">\n\t\t\t\t\t<div class=\"e-con-inner\">\n\t\t\t\t<div class=\"elementor-element elementor-element-0fb3ce0 elementor-widget elementor-widget-image\" data-id=\"0fb3ce0\" data-element_type=\"widget\" data-widget_type=\"image.default\">\n\t\t\t\t<div class=\"elementor-widget-container\">\n\t\t\t\t\t\t\t\t\t\t\t\t\t\t\t<img alt=\"Zertifikat - Sinodec Industrial Co, Ltd.\" decoding=\"async\" src=\"https:\/\/www.sinodec.com\/wp-content\/uploads\/2025\/10\/Sinodec-CE-and-Rohs.jpg\" title=\"\" loading=\"lazy\" \/>\t\t\t\t\t\t\t\t\t\t\t\t\t\t\t<\/div>\n\t\t\t\t<\/div>\n\t\t\t\t\t<\/div>\n\t\t\t\t<\/div>\n\t\t<div class=\"elementor-element elementor-element-3cbea6c e-flex e-con-boxed e-con e-parent\" data-id=\"3cbea6c\" data-element_type=\"container\">\n\t\t\t\t\t<div class=\"e-con-inner\">\n\t\t\t\t<div class=\"elementor-element elementor-element-0c3c097 elementor-widget elementor-widget-image\" data-id=\"0c3c097\" data-element_type=\"widget\" data-widget_type=\"image.default\">\n\t\t\t\t<div class=\"elementor-widget-container\">\n\t\t\t\t\t\t\t\t\t\t\t\t\t\t\t<img alt=\"Zertifikat - Sinodec Industrial Co, Ltd.\" decoding=\"async\" src=\"https:\/\/www.sinodec.com\/wp-content\/plugins\/elementor\/assets\/images\/placeholder.png\" title=\"\" loading=\"lazy\" \/>\t\t\t\t\t\t\t\t\t\t\t\t\t\t\t<\/div>\n\t\t\t\t<\/div>\n\t\t\t\t\t<\/div>\n\t\t\t\t<\/div>\n\t\t<div class=\"elementor-element elementor-element-3acec39 e-flex e-con-boxed e-con e-parent\" data-id=\"3acec39\" data-element_type=\"container\">\n\t\t\t\t\t<div class=\"e-con-inner\">\n\t\t\t\t\t<\/div>\n\t\t\t\t<\/div>\n\t\t\t\t<\/div>","protected":false},"excerpt":{"rendered":"<p>Zertifikat Mit mehr als 20 Jahren Markterfahrung und Kunden in mehr als 20 L\u00e4ndern sind unsere USB-Kabel und Ladeger\u00e4te in den Bereichen Audio, Video, Wearables und Medizin weit verbreitet. Wir bieten kundenspezifischen OEM- und ODM-Service in fast allen Bereichen.  Sinodec ist in mehr als 20 L\u00e4ndern als Handelsmarke eingetragen. Mit unserer umfangreichen Erfahrung und [...]<\/p>","protected":false},"author":1,"featured_media":0,"parent":0,"menu_order":0,"comment_status":"closed","ping_status":"closed","template":"","meta":{"_acf_changed":false,"footnotes":""},"class_list":["post-149","page","type-page","status-publish","hentry"],"acf":[],"_links":{"self":[{"href":"https:\/\/www.sinodec.com\/de\/wp-json\/wp\/v2\/pages\/149","targetHints":{"allow":["GET"]}}],"collection":[{"href":"https:\/\/www.sinodec.com\/de\/wp-json\/wp\/v2\/pages"}],"about":[{"href":"https:\/\/www.sinodec.com\/de\/wp-json\/wp\/v2\/types\/page"}],"author":[{"embeddable":true,"href":"https:\/\/www.sinodec.com\/de\/wp-json\/wp\/v2\/users\/1"}],"replies":[{"embeddable":true,"href":"https:\/\/www.sinodec.com\/de\/wp-json\/wp\/v2\/comments?post=149"}],"version-history":[{"count":0,"href":"https:\/\/www.sinodec.com\/de\/wp-json\/wp\/v2\/pages\/149\/revisions"}],"wp:attachment":[{"href":"https:\/\/www.sinodec.com\/de\/wp-json\/wp\/v2\/media?parent=149"}],"curies":[{"name":"wp","href":"https:\/\/api.w.org\/{rel}","templated":true}]}}